{"id":94,"date":"2022-02-07T13:45:57","date_gmt":"2022-02-07T12:45:57","guid":{"rendered":"https:\/\/www.niveslubej.art\/?post_type=product&#038;p=94"},"modified":"2025-08-10T15:28:55","modified_gmt":"2025-08-10T13:28:55","slug":"moj-ogenj","status":"publish","type":"product","link":"https:\/\/www.niveslubej.art\/en\/umetnina\/moj-ogenj\/","title":{"rendered":"Moj ogenj"},"content":{"rendered":"","protected":false},"excerpt":{"rendered":"<p class=\"p1\">Ve\u0161, da je znotraj Tebe ogenj, ki si tako zelo \u017eeli goreti, zagoreti, a ga vztrajno uga\u0161a\u0161, ker se zaveda\u0161 njegove mo\u010di. A njegova mo\u010d je Tvoja mo\u010d, ki jo uga\u0161a\u0161 vedno znova. Poslu\u0161a\u0161 kaj govori okolica, in si pridna pun\u010dka, ki vse marljivo uboga. Znotraj tebe pa bu\u010di. Raztrgaj vse okove, ki Te ti\u0161\u010dijo k tlom, vstani in za\u017eivi! Naj zagori ogenj Tvoje Du\u0161e in naj vse, kar Te ne podpira simboli\u010dno zgori, odpade. Rojena si zato, da obelodani\u0161 \u017eelje Du\u0161e, ki se je utelesila v Tvoje Telo. Pojdi, najdi mo\u010d in pogum, in stori to!<\/p>\n","protected":false},"featured_media":95,"template":"","meta":{"inline_featured_image":false,"_genesis_hide_title":false,"_genesis_hide_breadcrumbs":false,"_genesis_hide_singular_image":false,"_genesis_hide_footer_widgets":false,"_genesis_custom_body_class":"","_genesis_custom_post_class":"","_genesis_layout":""},"product_cat":[97,25,34,26],"product_tag":[],"acf":[],"yoast_head":"<!-- This site is optimized with the Yoast SEO plugin v20.7 - https:\/\/yoast.com\/wordpress\/plugins\/seo\/ -->\n<title>Moj ogenj - Nives U. Lubej - slike<\/title>\n<meta name=\"description\" content=\"Ve\u0161, da je znotraj Tebe ogenj, ki si tako zelo \u017eeli goreti, zagoreti, a ga vztrajno uga\u0161a\u0161, ker se zaveda\u0161 njegove mo\u010di. A njegova mo\u010d je Tvoja mo\u010d, ki jo uga\u0161a\u0161 vedno znova. Poslu\u0161a\u0161 kaj govori okolica, in si pridna pun\u010dka, ki vse marljivo uboga. Znotraj tebe pa bu\u010di. Raztrgaj vse okove, ki Te ti\u0161\u010dijo k tlom, vstani in za\u017eivi! Naj zagori ogenj Tvoje Du\u0161e in naj vse, kar Te ne podpira simboli\u010dno zgori, odpade. Rojena si zato, da obelodani\u0161 \u017eelje Du\u0161e, ki se je utelesila v Tvoje Telo. Pojdi, najdi mo\u010d in pogum, in stori to!\" \/>\n<meta name=\"robots\" content=\"index, follow, max-snippet:-1, max-image-preview:large, max-video-preview:-1\" \/>\n<link rel=\"canonical\" href=\"https:\/\/www.niveslubej.art\/en\/umetnina\/moj-ogenj\/\" \/>\n<meta property=\"og:locale\" content=\"en_US\" \/>\n<meta property=\"og:type\" content=\"article\" \/>\n<meta property=\"og:title\" content=\"Moj ogenj - Nives U. Lubej - slike\" \/>\n<meta property=\"og:description\" content=\"Ve\u0161, da je znotraj Tebe ogenj, ki si tako zelo \u017eeli goreti, zagoreti, a ga vztrajno uga\u0161a\u0161, ker se zaveda\u0161 njegove mo\u010di. A njegova mo\u010d je Tvoja mo\u010d, ki jo uga\u0161a\u0161 vedno znova. Poslu\u0161a\u0161 kaj govori okolica, in si pridna pun\u010dka, ki vse marljivo uboga. Znotraj tebe pa bu\u010di. Raztrgaj vse okove, ki Te ti\u0161\u010dijo k tlom, vstani in za\u017eivi! Naj zagori ogenj Tvoje Du\u0161e in naj vse, kar Te ne podpira simboli\u010dno zgori, odpade. Rojena si zato, da obelodani\u0161 \u017eelje Du\u0161e, ki se je utelesila v Tvoje Telo. Pojdi, najdi mo\u010d in pogum, in stori to!\" \/>\n<meta property=\"og:url\" content=\"https:\/\/www.niveslubej.art\/en\/umetnina\/moj-ogenj\/\" \/>\n<meta property=\"og:site_name\" content=\"Nives U. Lubej - slike\" \/>\n<meta property=\"article:modified_time\" content=\"2025-08-10T13:28:55+00:00\" \/>\n<meta property=\"og:image\" content=\"https:\/\/www.niveslubej.art\/wp-content\/uploads\/2022\/02\/Moj-ogenj.jpeg\" \/>\n\t<meta property=\"og:image:width\" content=\"1500\" \/>\n\t<meta property=\"og:image:height\" content=\"1484\" \/>\n\t<meta property=\"og:image:type\" content=\"image\/jpeg\" \/>\n<meta name=\"twitter:card\" content=\"summary_large_image\" \/>\n<script type=\"application\/ld+json\" class=\"yoast-schema-graph\">{\"@context\":\"https:\/\/schema.org\",\"@graph\":[{\"@type\":\"WebPage\",\"@id\":\"https:\/\/www.niveslubej.art\/en\/umetnina\/moj-ogenj\/\",\"url\":\"https:\/\/www.niveslubej.art\/en\/umetnina\/moj-ogenj\/\",\"name\":\"Moj ogenj - Nives U. Lubej - slike\",\"isPartOf\":{\"@id\":\"https:\/\/www.niveslubej.art\/en\/#website\"},\"datePublished\":\"2022-02-07T12:45:57+00:00\",\"dateModified\":\"2025-08-10T13:28:55+00:00\",\"description\":\"Ve\u0161, da je znotraj Tebe ogenj, ki si tako zelo \u017eeli goreti, zagoreti, a ga vztrajno uga\u0161a\u0161, ker se zaveda\u0161 njegove mo\u010di. A njegova mo\u010d je Tvoja mo\u010d, ki jo uga\u0161a\u0161 vedno znova. Poslu\u0161a\u0161 kaj govori okolica, in si pridna pun\u010dka, ki vse marljivo uboga. Znotraj tebe pa bu\u010di. Raztrgaj vse okove, ki Te ti\u0161\u010dijo k tlom, vstani in za\u017eivi! Naj zagori ogenj Tvoje Du\u0161e in naj vse, kar Te ne podpira simboli\u010dno zgori, odpade. Rojena si zato, da obelodani\u0161 \u017eelje Du\u0161e, ki se je utelesila v Tvoje Telo. Pojdi, najdi mo\u010d in pogum, in stori to!\",\"breadcrumb\":{\"@id\":\"https:\/\/www.niveslubej.art\/en\/umetnina\/moj-ogenj\/#breadcrumb\"},\"inLanguage\":\"en-US\",\"potentialAction\":[{\"@type\":\"ReadAction\",\"target\":[\"https:\/\/www.niveslubej.art\/en\/umetnina\/moj-ogenj\/\"]}]},{\"@type\":\"BreadcrumbList\",\"@id\":\"https:\/\/www.niveslubej.art\/en\/umetnina\/moj-ogenj\/#breadcrumb\",\"itemListElement\":[{\"@type\":\"ListItem\",\"position\":1,\"name\":\"Domov\",\"item\":\"https:\/\/www.niveslubej.art\/en\/\"},{\"@type\":\"ListItem\",\"position\":2,\"name\":\"I\u0161\u010dejo dom\",\"item\":\"https:\/\/www.niveslubej.art\/trgovina\/\"},{\"@type\":\"ListItem\",\"position\":3,\"name\":\"Moj ogenj\"}]},{\"@type\":\"WebSite\",\"@id\":\"https:\/\/www.niveslubej.art\/en\/#website\",\"url\":\"https:\/\/www.niveslubej.art\/en\/\",\"name\":\"Nives U. Lubej - slike\",\"description\":\"Slike prina\u0161ajo pozitivno energijo v vsak prostor, da va\u0161e \u017eivljenje postane \u0161e lep\u0161e\",\"publisher\":{\"@id\":\"https:\/\/www.niveslubej.art\/en\/#organization\"},\"potentialAction\":[{\"@type\":\"SearchAction\",\"target\":{\"@type\":\"EntryPoint\",\"urlTemplate\":\"https:\/\/www.niveslubej.art\/en\/?s={search_term_string}\"},\"query-input\":\"required name=search_term_string\"}],\"inLanguage\":\"en-US\"},{\"@type\":\"Organization\",\"@id\":\"https:\/\/www.niveslubej.art\/en\/#organization\",\"name\":\"Nives Uljan - personalizirane, zdravilne, energijske slike\",\"url\":\"https:\/\/www.niveslubej.art\/en\/\",\"logo\":{\"@type\":\"ImageObject\",\"inLanguage\":\"en-US\",\"@id\":\"https:\/\/www.niveslubej.art\/en\/#\/schema\/logo\/image\/\",\"url\":\"https:\/\/www.niveslubej.art\/wp-content\/uploads\/2022\/02\/nives-uljan-osnovna-blue.svg\",\"contentUrl\":\"https:\/\/www.niveslubej.art\/wp-content\/uploads\/2022\/02\/nives-uljan-osnovna-blue.svg\",\"width\":\"1024\",\"height\":\"1024\",\"caption\":\"Nives Uljan - personalizirane, zdravilne, energijske slike\"},\"image\":{\"@id\":\"https:\/\/www.niveslubej.art\/en\/#\/schema\/logo\/image\/\"}}]}<\/script>\n<!-- \/ Yoast SEO plugin. -->","yoast_head_json":{"title":"Moj ogenj - Nives U. Lubej - slike","description":"Ve\u0161, da je znotraj Tebe ogenj, ki si tako zelo \u017eeli goreti, zagoreti, a ga vztrajno uga\u0161a\u0161, ker se zaveda\u0161 njegove mo\u010di. A njegova mo\u010d je Tvoja mo\u010d, ki jo uga\u0161a\u0161 vedno znova. Poslu\u0161a\u0161 kaj govori okolica, in si pridna pun\u010dka, ki vse marljivo uboga. Znotraj tebe pa bu\u010di. Raztrgaj vse okove, ki Te ti\u0161\u010dijo k tlom, vstani in za\u017eivi! Naj zagori ogenj Tvoje Du\u0161e in naj vse, kar Te ne podpira simboli\u010dno zgori, odpade. Rojena si zato, da obelodani\u0161 \u017eelje Du\u0161e, ki se je utelesila v Tvoje Telo. Pojdi, najdi mo\u010d in pogum, in stori to!","robots":{"index":"index","follow":"follow","max-snippet":"max-snippet:-1","max-image-preview":"max-image-preview:large","max-video-preview":"max-video-preview:-1"},"canonical":"https:\/\/www.niveslubej.art\/en\/umetnina\/moj-ogenj\/","og_locale":"en_US","og_type":"article","og_title":"Moj ogenj - Nives U. Lubej - slike","og_description":"Ve\u0161, da je znotraj Tebe ogenj, ki si tako zelo \u017eeli goreti, zagoreti, a ga vztrajno uga\u0161a\u0161, ker se zaveda\u0161 njegove mo\u010di. A njegova mo\u010d je Tvoja mo\u010d, ki jo uga\u0161a\u0161 vedno znova. Poslu\u0161a\u0161 kaj govori okolica, in si pridna pun\u010dka, ki vse marljivo uboga. Znotraj tebe pa bu\u010di. Raztrgaj vse okove, ki Te ti\u0161\u010dijo k tlom, vstani in za\u017eivi! Naj zagori ogenj Tvoje Du\u0161e in naj vse, kar Te ne podpira simboli\u010dno zgori, odpade. Rojena si zato, da obelodani\u0161 \u017eelje Du\u0161e, ki se je utelesila v Tvoje Telo. Pojdi, najdi mo\u010d in pogum, in stori to!","og_url":"https:\/\/www.niveslubej.art\/en\/umetnina\/moj-ogenj\/","og_site_name":"Nives U. Lubej - slike","article_modified_time":"2025-08-10T13:28:55+00:00","og_image":[{"width":1500,"height":1484,"url":"https:\/\/www.niveslubej.art\/wp-content\/uploads\/2022\/02\/Moj-ogenj.jpeg","type":"image\/jpeg"}],"twitter_card":"summary_large_image","schema":{"@context":"https:\/\/schema.org","@graph":[{"@type":"WebPage","@id":"https:\/\/www.niveslubej.art\/en\/umetnina\/moj-ogenj\/","url":"https:\/\/www.niveslubej.art\/en\/umetnina\/moj-ogenj\/","name":"Moj ogenj - Nives U. Lubej - slike","isPartOf":{"@id":"https:\/\/www.niveslubej.art\/en\/#website"},"datePublished":"2022-02-07T12:45:57+00:00","dateModified":"2025-08-10T13:28:55+00:00","description":"Ve\u0161, da je znotraj Tebe ogenj, ki si tako zelo \u017eeli goreti, zagoreti, a ga vztrajno uga\u0161a\u0161, ker se zaveda\u0161 njegove mo\u010di. A njegova mo\u010d je Tvoja mo\u010d, ki jo uga\u0161a\u0161 vedno znova. Poslu\u0161a\u0161 kaj govori okolica, in si pridna pun\u010dka, ki vse marljivo uboga. Znotraj tebe pa bu\u010di. Raztrgaj vse okove, ki Te ti\u0161\u010dijo k tlom, vstani in za\u017eivi! Naj zagori ogenj Tvoje Du\u0161e in naj vse, kar Te ne podpira simboli\u010dno zgori, odpade. Rojena si zato, da obelodani\u0161 \u017eelje Du\u0161e, ki se je utelesila v Tvoje Telo. Pojdi, najdi mo\u010d in pogum, in stori to!","breadcrumb":{"@id":"https:\/\/www.niveslubej.art\/en\/umetnina\/moj-ogenj\/#breadcrumb"},"inLanguage":"en-US","potentialAction":[{"@type":"ReadAction","target":["https:\/\/www.niveslubej.art\/en\/umetnina\/moj-ogenj\/"]}]},{"@type":"BreadcrumbList","@id":"https:\/\/www.niveslubej.art\/en\/umetnina\/moj-ogenj\/#breadcrumb","itemListElement":[{"@type":"ListItem","position":1,"name":"Domov","item":"https:\/\/www.niveslubej.art\/en\/"},{"@type":"ListItem","position":2,"name":"I\u0161\u010dejo dom","item":"https:\/\/www.niveslubej.art\/trgovina\/"},{"@type":"ListItem","position":3,"name":"Moj ogenj"}]},{"@type":"WebSite","@id":"https:\/\/www.niveslubej.art\/en\/#website","url":"https:\/\/www.niveslubej.art\/en\/","name":"Nives U. Lubej - slike","description":"Slike prina\u0161ajo pozitivno energijo v vsak prostor, da va\u0161e \u017eivljenje postane \u0161e lep\u0161e","publisher":{"@id":"https:\/\/www.niveslubej.art\/en\/#organization"},"potentialAction":[{"@type":"SearchAction","target":{"@type":"EntryPoint","urlTemplate":"https:\/\/www.niveslubej.art\/en\/?s={search_term_string}"},"query-input":"required name=search_term_string"}],"inLanguage":"en-US"},{"@type":"Organization","@id":"https:\/\/www.niveslubej.art\/en\/#organization","name":"Nives Uljan - personalizirane, zdravilne, energijske slike","url":"https:\/\/www.niveslubej.art\/en\/","logo":{"@type":"ImageObject","inLanguage":"en-US","@id":"https:\/\/www.niveslubej.art\/en\/#\/schema\/logo\/image\/","url":"https:\/\/www.niveslubej.art\/wp-content\/uploads\/2022\/02\/nives-uljan-osnovna-blue.svg","contentUrl":"https:\/\/www.niveslubej.art\/wp-content\/uploads\/2022\/02\/nives-uljan-osnovna-blue.svg","width":"1024","height":"1024","caption":"Nives Uljan - personalizirane, zdravilne, energijske slike"},"image":{"@id":"https:\/\/www.niveslubej.art\/en\/#\/schema\/logo\/image\/"}}]}},"_links":{"self":[{"href":"https:\/\/www.niveslubej.art\/en\/wp-json\/wp\/v2\/product\/94"}],"collection":[{"href":"https:\/\/www.niveslubej.art\/en\/wp-json\/wp\/v2\/product"}],"about":[{"href":"https:\/\/www.niveslubej.art\/en\/wp-json\/wp\/v2\/types\/product"}],"wp:featuredmedia":[{"embeddable":true,"href":"https:\/\/www.niveslubej.art\/en\/wp-json\/wp\/v2\/media\/95"}],"wp:attachment":[{"href":"https:\/\/www.niveslubej.art\/en\/wp-json\/wp\/v2\/media?parent=94"}],"wp:term":[{"taxonomy":"product_cat","embeddable":true,"href":"https:\/\/www.niveslubej.art\/en\/wp-json\/wp\/v2\/product_cat?post=94"},{"taxonomy":"product_tag","embeddable":true,"href":"https:\/\/www.niveslubej.art\/en\/wp-json\/wp\/v2\/product_tag?post=94"}],"curies":[{"name":"wp","href":"https:\/\/api.w.org\/{rel}","templated":true}]}}