{"id":1902,"date":"2022-02-07T13:53:29","date_gmt":"2022-02-07T12:53:29","guid":{"rendered":"https:\/\/www.niveslubej.art\/?post_type=product&#038;p=1902"},"modified":"2025-09-17T11:19:25","modified_gmt":"2025-09-17T09:19:25","slug":"povezana-sem-z-vsem","status":"publish","type":"product","link":"https:\/\/www.niveslubej.art\/en\/umetnina\/povezana-sem-z-vsem\/","title":{"rendered":"Povezana sem z vsem"},"content":{"rendered":"","protected":false},"excerpt":{"rendered":"<p class=\"p1\">Sedi\u0161 v meditaciji obkro\u017eena z lotosovimi cvetovi, v miru in ti\u0161ini, v obilju \u017divljenja samega, se napolni\u0161 z vsem, kar te obkro\u017ea, ravno tako pa Ti napolni\u0161 vse okrog sebe. Ko je Narava v Tebi in Ti v Naravi.<\/p>\n","protected":false},"featured_media":1459,"template":"","meta":{"inline_featured_image":false,"_genesis_hide_title":false,"_genesis_hide_breadcrumbs":false,"_genesis_hide_singular_image":false,"_genesis_hide_footer_widgets":false,"_genesis_custom_body_class":"","_genesis_custom_post_class":"","_genesis_layout":""},"product_cat":[106,98,103,101],"product_tag":[],"acf":[],"yoast_head":"<!-- This site is optimized with the Yoast SEO plugin v20.7 - https:\/\/yoast.com\/wordpress\/plugins\/seo\/ -->\n<title>Povezana sem z vsem - Nives U. Lubej - slike<\/title>\n<meta name=\"description\" content=\"Sedi\u0161 v meditaciji obkro\u017eena z lotosovimi cvetovi, v miru in ti\u0161ini, v obilju \u017divljenja samega, se napolni\u0161 z vsem, kar te obkro\u017ea, ravno tako pa Ti napolni\u0161 vse okrog sebe. Ko je Narava v Tebi in Ti v Naravi.\" \/>\n<meta name=\"robots\" content=\"index, follow, max-snippet:-1, max-image-preview:large, max-video-preview:-1\" \/>\n<link rel=\"canonical\" href=\"https:\/\/www.niveslubej.art\/en\/umetnina\/povezana-sem-z-vsem\/\" \/>\n<meta property=\"og:locale\" content=\"en_US\" \/>\n<meta property=\"og:type\" content=\"article\" \/>\n<meta property=\"og:title\" content=\"Povezana sem z vsem - Nives U. Lubej - slike\" \/>\n<meta property=\"og:description\" content=\"Sedi\u0161 v meditaciji obkro\u017eena z lotosovimi cvetovi, v miru in ti\u0161ini, v obilju \u017divljenja samega, se napolni\u0161 z vsem, kar te obkro\u017ea, ravno tako pa Ti napolni\u0161 vse okrog sebe. Ko je Narava v Tebi in Ti v Naravi.\" \/>\n<meta property=\"og:url\" content=\"https:\/\/www.niveslubej.art\/en\/umetnina\/povezana-sem-z-vsem\/\" \/>\n<meta property=\"og:site_name\" content=\"Nives U. Lubej - slike\" \/>\n<meta property=\"article:modified_time\" content=\"2025-09-17T09:19:25+00:00\" \/>\n<meta property=\"og:image\" content=\"https:\/\/www.niveslubej.art\/wp-content\/uploads\/2022\/02\/Povezana-sem-z-vsem.jpeg\" \/>\n\t<meta property=\"og:image:width\" content=\"1500\" \/>\n\t<meta property=\"og:image:height\" content=\"1456\" \/>\n\t<meta property=\"og:image:type\" content=\"image\/jpeg\" \/>\n<meta name=\"twitter:card\" content=\"summary_large_image\" \/>\n<script type=\"application\/ld+json\" class=\"yoast-schema-graph\">{\"@context\":\"https:\/\/schema.org\",\"@graph\":[{\"@type\":\"WebPage\",\"@id\":\"https:\/\/www.niveslubej.art\/en\/umetnina\/povezana-sem-z-vsem\/\",\"url\":\"https:\/\/www.niveslubej.art\/en\/umetnina\/povezana-sem-z-vsem\/\",\"name\":\"Povezana sem z vsem - Nives U. Lubej - slike\",\"isPartOf\":{\"@id\":\"https:\/\/www.niveslubej.art\/en\/#website\"},\"datePublished\":\"2022-02-07T12:53:29+00:00\",\"dateModified\":\"2025-09-17T09:19:25+00:00\",\"description\":\"Sedi\u0161 v meditaciji obkro\u017eena z lotosovimi cvetovi, v miru in ti\u0161ini, v obilju \u017divljenja samega, se napolni\u0161 z vsem, kar te obkro\u017ea, ravno tako pa Ti napolni\u0161 vse okrog sebe. Ko je Narava v Tebi in Ti v Naravi.\",\"breadcrumb\":{\"@id\":\"https:\/\/www.niveslubej.art\/en\/umetnina\/povezana-sem-z-vsem\/#breadcrumb\"},\"inLanguage\":\"en-US\",\"potentialAction\":[{\"@type\":\"ReadAction\",\"target\":[\"https:\/\/www.niveslubej.art\/en\/umetnina\/povezana-sem-z-vsem\/\"]}]},{\"@type\":\"BreadcrumbList\",\"@id\":\"https:\/\/www.niveslubej.art\/en\/umetnina\/povezana-sem-z-vsem\/#breadcrumb\",\"itemListElement\":[{\"@type\":\"ListItem\",\"position\":1,\"name\":\"Domov\",\"item\":\"https:\/\/www.niveslubej.art\/en\/\"},{\"@type\":\"ListItem\",\"position\":2,\"name\":\"I\u0161\u010dejo dom\",\"item\":\"https:\/\/www.niveslubej.art\/trgovina\/\"},{\"@type\":\"ListItem\",\"position\":3,\"name\":\"Povezana sem z vsem\"}]},{\"@type\":\"WebSite\",\"@id\":\"https:\/\/www.niveslubej.art\/en\/#website\",\"url\":\"https:\/\/www.niveslubej.art\/en\/\",\"name\":\"Nives U. Lubej - slike\",\"description\":\"Slike prina\u0161ajo pozitivno energijo v vsak prostor, da va\u0161e \u017eivljenje postane \u0161e lep\u0161e\",\"publisher\":{\"@id\":\"https:\/\/www.niveslubej.art\/en\/#organization\"},\"potentialAction\":[{\"@type\":\"SearchAction\",\"target\":{\"@type\":\"EntryPoint\",\"urlTemplate\":\"https:\/\/www.niveslubej.art\/en\/?s={search_term_string}\"},\"query-input\":\"required name=search_term_string\"}],\"inLanguage\":\"en-US\"},{\"@type\":\"Organization\",\"@id\":\"https:\/\/www.niveslubej.art\/en\/#organization\",\"name\":\"Nives Uljan - personalizirane, zdravilne, energijske slike\",\"url\":\"https:\/\/www.niveslubej.art\/en\/\",\"logo\":{\"@type\":\"ImageObject\",\"inLanguage\":\"en-US\",\"@id\":\"https:\/\/www.niveslubej.art\/en\/#\/schema\/logo\/image\/\",\"url\":\"https:\/\/www.niveslubej.art\/wp-content\/uploads\/2022\/02\/nives-uljan-osnovna-blue.svg\",\"contentUrl\":\"https:\/\/www.niveslubej.art\/wp-content\/uploads\/2022\/02\/nives-uljan-osnovna-blue.svg\",\"width\":\"1024\",\"height\":\"1024\",\"caption\":\"Nives Uljan - personalizirane, zdravilne, energijske slike\"},\"image\":{\"@id\":\"https:\/\/www.niveslubej.art\/en\/#\/schema\/logo\/image\/\"}}]}<\/script>\n<!-- \/ Yoast SEO plugin. -->","yoast_head_json":{"title":"Povezana sem z vsem - Nives U. Lubej - slike","description":"Sedi\u0161 v meditaciji obkro\u017eena z lotosovimi cvetovi, v miru in ti\u0161ini, v obilju \u017divljenja samega, se napolni\u0161 z vsem, kar te obkro\u017ea, ravno tako pa Ti napolni\u0161 vse okrog sebe. Ko je Narava v Tebi in Ti v Naravi.","robots":{"index":"index","follow":"follow","max-snippet":"max-snippet:-1","max-image-preview":"max-image-preview:large","max-video-preview":"max-video-preview:-1"},"canonical":"https:\/\/www.niveslubej.art\/en\/umetnina\/povezana-sem-z-vsem\/","og_locale":"en_US","og_type":"article","og_title":"Povezana sem z vsem - Nives U. Lubej - slike","og_description":"Sedi\u0161 v meditaciji obkro\u017eena z lotosovimi cvetovi, v miru in ti\u0161ini, v obilju \u017divljenja samega, se napolni\u0161 z vsem, kar te obkro\u017ea, ravno tako pa Ti napolni\u0161 vse okrog sebe. Ko je Narava v Tebi in Ti v Naravi.","og_url":"https:\/\/www.niveslubej.art\/en\/umetnina\/povezana-sem-z-vsem\/","og_site_name":"Nives U. Lubej - slike","article_modified_time":"2025-09-17T09:19:25+00:00","og_image":[{"width":1500,"height":1456,"url":"https:\/\/www.niveslubej.art\/wp-content\/uploads\/2022\/02\/Povezana-sem-z-vsem.jpeg","type":"image\/jpeg"}],"twitter_card":"summary_large_image","schema":{"@context":"https:\/\/schema.org","@graph":[{"@type":"WebPage","@id":"https:\/\/www.niveslubej.art\/en\/umetnina\/povezana-sem-z-vsem\/","url":"https:\/\/www.niveslubej.art\/en\/umetnina\/povezana-sem-z-vsem\/","name":"Povezana sem z vsem - Nives U. Lubej - slike","isPartOf":{"@id":"https:\/\/www.niveslubej.art\/en\/#website"},"datePublished":"2022-02-07T12:53:29+00:00","dateModified":"2025-09-17T09:19:25+00:00","description":"Sedi\u0161 v meditaciji obkro\u017eena z lotosovimi cvetovi, v miru in ti\u0161ini, v obilju \u017divljenja samega, se napolni\u0161 z vsem, kar te obkro\u017ea, ravno tako pa Ti napolni\u0161 vse okrog sebe. Ko je Narava v Tebi in Ti v Naravi.","breadcrumb":{"@id":"https:\/\/www.niveslubej.art\/en\/umetnina\/povezana-sem-z-vsem\/#breadcrumb"},"inLanguage":"en-US","potentialAction":[{"@type":"ReadAction","target":["https:\/\/www.niveslubej.art\/en\/umetnina\/povezana-sem-z-vsem\/"]}]},{"@type":"BreadcrumbList","@id":"https:\/\/www.niveslubej.art\/en\/umetnina\/povezana-sem-z-vsem\/#breadcrumb","itemListElement":[{"@type":"ListItem","position":1,"name":"Domov","item":"https:\/\/www.niveslubej.art\/en\/"},{"@type":"ListItem","position":2,"name":"I\u0161\u010dejo dom","item":"https:\/\/www.niveslubej.art\/trgovina\/"},{"@type":"ListItem","position":3,"name":"Povezana sem z vsem"}]},{"@type":"WebSite","@id":"https:\/\/www.niveslubej.art\/en\/#website","url":"https:\/\/www.niveslubej.art\/en\/","name":"Nives U. Lubej - slike","description":"Slike prina\u0161ajo pozitivno energijo v vsak prostor, da va\u0161e \u017eivljenje postane \u0161e lep\u0161e","publisher":{"@id":"https:\/\/www.niveslubej.art\/en\/#organization"},"potentialAction":[{"@type":"SearchAction","target":{"@type":"EntryPoint","urlTemplate":"https:\/\/www.niveslubej.art\/en\/?s={search_term_string}"},"query-input":"required name=search_term_string"}],"inLanguage":"en-US"},{"@type":"Organization","@id":"https:\/\/www.niveslubej.art\/en\/#organization","name":"Nives Uljan - personalizirane, zdravilne, energijske slike","url":"https:\/\/www.niveslubej.art\/en\/","logo":{"@type":"ImageObject","inLanguage":"en-US","@id":"https:\/\/www.niveslubej.art\/en\/#\/schema\/logo\/image\/","url":"https:\/\/www.niveslubej.art\/wp-content\/uploads\/2022\/02\/nives-uljan-osnovna-blue.svg","contentUrl":"https:\/\/www.niveslubej.art\/wp-content\/uploads\/2022\/02\/nives-uljan-osnovna-blue.svg","width":"1024","height":"1024","caption":"Nives Uljan - personalizirane, zdravilne, energijske slike"},"image":{"@id":"https:\/\/www.niveslubej.art\/en\/#\/schema\/logo\/image\/"}}]}},"_links":{"self":[{"href":"https:\/\/www.niveslubej.art\/en\/wp-json\/wp\/v2\/product\/1902"}],"collection":[{"href":"https:\/\/www.niveslubej.art\/en\/wp-json\/wp\/v2\/product"}],"about":[{"href":"https:\/\/www.niveslubej.art\/en\/wp-json\/wp\/v2\/types\/product"}],"wp:featuredmedia":[{"embeddable":true,"href":"https:\/\/www.niveslubej.art\/en\/wp-json\/wp\/v2\/media\/1459"}],"wp:attachment":[{"href":"https:\/\/www.niveslubej.art\/en\/wp-json\/wp\/v2\/media?parent=1902"}],"wp:term":[{"taxonomy":"product_cat","embeddable":true,"href":"https:\/\/www.niveslubej.art\/en\/wp-json\/wp\/v2\/product_cat?post=1902"},{"taxonomy":"product_tag","embeddable":true,"href":"https:\/\/www.niveslubej.art\/en\/wp-json\/wp\/v2\/product_tag?post=1902"}],"curies":[{"name":"wp","href":"https:\/\/api.w.org\/{rel}","templated":true}]}}