{"id":1876,"date":"2025-07-09T19:31:17","date_gmt":"2025-07-09T17:31:17","guid":{"rendered":"https:\/\/www.niveslubej.art\/umetnina\/cetudi-tone-svet-jaz-svetim\/"},"modified":"2025-09-17T10:13:21","modified_gmt":"2025-09-17T08:13:21","slug":"cetudi-tone-svet-jaz-svetim","status":"publish","type":"product","link":"https:\/\/www.niveslubej.art\/en\/umetnina\/cetudi-tone-svet-jaz-svetim\/","title":{"rendered":"Even though the world is sinking, I am shining"},"content":{"rendered":"","protected":false},"excerpt":{"rendered":"","protected":false},"featured_media":1727,"template":"","meta":{"inline_featured_image":false,"_genesis_hide_title":false,"_genesis_hide_breadcrumbs":false,"_genesis_hide_singular_image":false,"_genesis_hide_footer_widgets":false,"_genesis_custom_body_class":"","_genesis_custom_post_class":"","_genesis_layout":""},"product_cat":[105,98,103],"product_tag":[],"acf":[],"yoast_head":"<!-- This site is optimized with the Yoast SEO plugin v20.7 - https:\/\/yoast.com\/wordpress\/plugins\/seo\/ -->\n<title>Even though the world is sinking, I am shining - Nives U. Lubej - slike<\/title>\n<meta name=\"description\" content=\"S personaliziranimi zdravilnimi, energijskimi slikami pomagam, da se stranke po\u010dutijo polne ljubezni in se pove\u017eejo z globino sebe.\" \/>\n<meta name=\"robots\" content=\"index, follow, max-snippet:-1, max-image-preview:large, max-video-preview:-1\" \/>\n<link rel=\"canonical\" href=\"https:\/\/www.niveslubej.art\/en\/umetnina\/cetudi-tone-svet-jaz-svetim\/\" \/>\n<meta property=\"og:locale\" content=\"en_US\" \/>\n<meta property=\"og:type\" content=\"article\" \/>\n<meta property=\"og:title\" content=\"Even though the world is sinking, I am shining - Nives U. Lubej - slike\" \/>\n<meta property=\"og:description\" content=\"S personaliziranimi zdravilnimi, energijskimi slikami pomagam, da se stranke po\u010dutijo polne ljubezni in se pove\u017eejo z globino sebe.\" \/>\n<meta property=\"og:url\" content=\"https:\/\/www.niveslubej.art\/en\/umetnina\/cetudi-tone-svet-jaz-svetim\/\" \/>\n<meta property=\"og:site_name\" content=\"Nives U. Lubej - slike\" \/>\n<meta property=\"article:modified_time\" content=\"2025-09-17T08:13:21+00:00\" \/>\n<meta property=\"og:image\" content=\"https:\/\/www.niveslubej.art\/wp-content\/uploads\/2025\/07\/20240905_183517-scaled.jpg\" \/>\n\t<meta property=\"og:image:width\" content=\"1933\" \/>\n\t<meta property=\"og:image:height\" content=\"2560\" \/>\n\t<meta property=\"og:image:type\" content=\"image\/jpeg\" \/>\n<meta name=\"twitter:card\" content=\"summary_large_image\" \/>\n<script type=\"application\/ld+json\" class=\"yoast-schema-graph\">{\"@context\":\"https:\/\/schema.org\",\"@graph\":[{\"@type\":\"WebPage\",\"@id\":\"https:\/\/www.niveslubej.art\/en\/umetnina\/cetudi-tone-svet-jaz-svetim\/\",\"url\":\"https:\/\/www.niveslubej.art\/en\/umetnina\/cetudi-tone-svet-jaz-svetim\/\",\"name\":\"Even though the world is sinking, I am shining - Nives U. Lubej - slike\",\"isPartOf\":{\"@id\":\"https:\/\/www.niveslubej.art\/en\/#website\"},\"datePublished\":\"2025-07-09T17:31:17+00:00\",\"dateModified\":\"2025-09-17T08:13:21+00:00\",\"description\":\"S personaliziranimi zdravilnimi, energijskimi slikami pomagam, da se stranke po\u010dutijo polne ljubezni in se pove\u017eejo z globino sebe.\",\"breadcrumb\":{\"@id\":\"https:\/\/www.niveslubej.art\/en\/umetnina\/cetudi-tone-svet-jaz-svetim\/#breadcrumb\"},\"inLanguage\":\"en-US\",\"potentialAction\":[{\"@type\":\"ReadAction\",\"target\":[\"https:\/\/www.niveslubej.art\/en\/umetnina\/cetudi-tone-svet-jaz-svetim\/\"]}]},{\"@type\":\"BreadcrumbList\",\"@id\":\"https:\/\/www.niveslubej.art\/en\/umetnina\/cetudi-tone-svet-jaz-svetim\/#breadcrumb\",\"itemListElement\":[{\"@type\":\"ListItem\",\"position\":1,\"name\":\"Domov\",\"item\":\"https:\/\/www.niveslubej.art\/en\/\"},{\"@type\":\"ListItem\",\"position\":2,\"name\":\"I\u0161\u010dejo dom\",\"item\":\"https:\/\/www.niveslubej.art\/trgovina\/\"},{\"@type\":\"ListItem\",\"position\":3,\"name\":\"Even though the world is sinking, I am shining\"}]},{\"@type\":\"WebSite\",\"@id\":\"https:\/\/www.niveslubej.art\/en\/#website\",\"url\":\"https:\/\/www.niveslubej.art\/en\/\",\"name\":\"Nives U. Lubej - slike\",\"description\":\"Slike prina\u0161ajo pozitivno energijo v vsak prostor, da va\u0161e \u017eivljenje postane \u0161e lep\u0161e\",\"publisher\":{\"@id\":\"https:\/\/www.niveslubej.art\/en\/#organization\"},\"potentialAction\":[{\"@type\":\"SearchAction\",\"target\":{\"@type\":\"EntryPoint\",\"urlTemplate\":\"https:\/\/www.niveslubej.art\/en\/?s={search_term_string}\"},\"query-input\":\"required name=search_term_string\"}],\"inLanguage\":\"en-US\"},{\"@type\":\"Organization\",\"@id\":\"https:\/\/www.niveslubej.art\/en\/#organization\",\"name\":\"Nives Uljan - personalizirane, zdravilne, energijske slike\",\"url\":\"https:\/\/www.niveslubej.art\/en\/\",\"logo\":{\"@type\":\"ImageObject\",\"inLanguage\":\"en-US\",\"@id\":\"https:\/\/www.niveslubej.art\/en\/#\/schema\/logo\/image\/\",\"url\":\"https:\/\/www.niveslubej.art\/wp-content\/uploads\/2022\/02\/nives-uljan-osnovna-blue.svg\",\"contentUrl\":\"https:\/\/www.niveslubej.art\/wp-content\/uploads\/2022\/02\/nives-uljan-osnovna-blue.svg\",\"width\":\"1024\",\"height\":\"1024\",\"caption\":\"Nives Uljan - personalizirane, zdravilne, energijske slike\"},\"image\":{\"@id\":\"https:\/\/www.niveslubej.art\/en\/#\/schema\/logo\/image\/\"}}]}<\/script>\n<!-- \/ Yoast SEO plugin. -->","yoast_head_json":{"title":"Even though the world is sinking, I am shining - Nives U. Lubej - slike","description":"S personaliziranimi zdravilnimi, energijskimi slikami pomagam, da se stranke po\u010dutijo polne ljubezni in se pove\u017eejo z globino sebe.","robots":{"index":"index","follow":"follow","max-snippet":"max-snippet:-1","max-image-preview":"max-image-preview:large","max-video-preview":"max-video-preview:-1"},"canonical":"https:\/\/www.niveslubej.art\/en\/umetnina\/cetudi-tone-svet-jaz-svetim\/","og_locale":"en_US","og_type":"article","og_title":"Even though the world is sinking, I am shining - Nives U. Lubej - slike","og_description":"S personaliziranimi zdravilnimi, energijskimi slikami pomagam, da se stranke po\u010dutijo polne ljubezni in se pove\u017eejo z globino sebe.","og_url":"https:\/\/www.niveslubej.art\/en\/umetnina\/cetudi-tone-svet-jaz-svetim\/","og_site_name":"Nives U. Lubej - slike","article_modified_time":"2025-09-17T08:13:21+00:00","og_image":[{"width":1933,"height":2560,"url":"https:\/\/www.niveslubej.art\/wp-content\/uploads\/2025\/07\/20240905_183517-scaled.jpg","type":"image\/jpeg"}],"twitter_card":"summary_large_image","schema":{"@context":"https:\/\/schema.org","@graph":[{"@type":"WebPage","@id":"https:\/\/www.niveslubej.art\/en\/umetnina\/cetudi-tone-svet-jaz-svetim\/","url":"https:\/\/www.niveslubej.art\/en\/umetnina\/cetudi-tone-svet-jaz-svetim\/","name":"Even though the world is sinking, I am shining - Nives U. Lubej - slike","isPartOf":{"@id":"https:\/\/www.niveslubej.art\/en\/#website"},"datePublished":"2025-07-09T17:31:17+00:00","dateModified":"2025-09-17T08:13:21+00:00","description":"S personaliziranimi zdravilnimi, energijskimi slikami pomagam, da se stranke po\u010dutijo polne ljubezni in se pove\u017eejo z globino sebe.","breadcrumb":{"@id":"https:\/\/www.niveslubej.art\/en\/umetnina\/cetudi-tone-svet-jaz-svetim\/#breadcrumb"},"inLanguage":"en-US","potentialAction":[{"@type":"ReadAction","target":["https:\/\/www.niveslubej.art\/en\/umetnina\/cetudi-tone-svet-jaz-svetim\/"]}]},{"@type":"BreadcrumbList","@id":"https:\/\/www.niveslubej.art\/en\/umetnina\/cetudi-tone-svet-jaz-svetim\/#breadcrumb","itemListElement":[{"@type":"ListItem","position":1,"name":"Domov","item":"https:\/\/www.niveslubej.art\/en\/"},{"@type":"ListItem","position":2,"name":"I\u0161\u010dejo dom","item":"https:\/\/www.niveslubej.art\/trgovina\/"},{"@type":"ListItem","position":3,"name":"Even though the world is sinking, I am shining"}]},{"@type":"WebSite","@id":"https:\/\/www.niveslubej.art\/en\/#website","url":"https:\/\/www.niveslubej.art\/en\/","name":"Nives U. Lubej - slike","description":"Slike prina\u0161ajo pozitivno energijo v vsak prostor, da va\u0161e \u017eivljenje postane \u0161e lep\u0161e","publisher":{"@id":"https:\/\/www.niveslubej.art\/en\/#organization"},"potentialAction":[{"@type":"SearchAction","target":{"@type":"EntryPoint","urlTemplate":"https:\/\/www.niveslubej.art\/en\/?s={search_term_string}"},"query-input":"required name=search_term_string"}],"inLanguage":"en-US"},{"@type":"Organization","@id":"https:\/\/www.niveslubej.art\/en\/#organization","name":"Nives Uljan - personalizirane, zdravilne, energijske slike","url":"https:\/\/www.niveslubej.art\/en\/","logo":{"@type":"ImageObject","inLanguage":"en-US","@id":"https:\/\/www.niveslubej.art\/en\/#\/schema\/logo\/image\/","url":"https:\/\/www.niveslubej.art\/wp-content\/uploads\/2022\/02\/nives-uljan-osnovna-blue.svg","contentUrl":"https:\/\/www.niveslubej.art\/wp-content\/uploads\/2022\/02\/nives-uljan-osnovna-blue.svg","width":"1024","height":"1024","caption":"Nives Uljan - personalizirane, zdravilne, energijske slike"},"image":{"@id":"https:\/\/www.niveslubej.art\/en\/#\/schema\/logo\/image\/"}}]}},"_links":{"self":[{"href":"https:\/\/www.niveslubej.art\/en\/wp-json\/wp\/v2\/product\/1876"}],"collection":[{"href":"https:\/\/www.niveslubej.art\/en\/wp-json\/wp\/v2\/product"}],"about":[{"href":"https:\/\/www.niveslubej.art\/en\/wp-json\/wp\/v2\/types\/product"}],"wp:featuredmedia":[{"embeddable":true,"href":"https:\/\/www.niveslubej.art\/en\/wp-json\/wp\/v2\/media\/1727"}],"wp:attachment":[{"href":"https:\/\/www.niveslubej.art\/en\/wp-json\/wp\/v2\/media?parent=1876"}],"wp:term":[{"taxonomy":"product_cat","embeddable":true,"href":"https:\/\/www.niveslubej.art\/en\/wp-json\/wp\/v2\/product_cat?post=1876"},{"taxonomy":"product_tag","embeddable":true,"href":"https:\/\/www.niveslubej.art\/en\/wp-json\/wp\/v2\/product_tag?post=1876"}],"curies":[{"name":"wp","href":"https:\/\/api.w.org\/{rel}","templated":true}]}}