{"id":1860,"date":"2022-03-23T14:15:48","date_gmt":"2022-03-23T13:15:48","guid":{"rendered":"https:\/\/www.niveslubej.art\/umetnina\/my-transformation\/"},"modified":"2022-03-23T14:15:48","modified_gmt":"2022-03-23T13:15:48","slug":"my-transformation","status":"publish","type":"product","link":"https:\/\/www.niveslubej.art\/en\/umetnina\/my-transformation\/","title":{"rendered":"My transformation"},"content":{"rendered":"","protected":false},"excerpt":{"rendered":"<p>After your purchase, the image goes to print, due to logistics it can take up to 10 days for delivery to your door. The image on the print may differ slightly from what you see on the screen (in colour and light).<\/p>\n<p>Thank you for your understanding.<\/p>\n","protected":false},"featured_media":1499,"template":"","meta":{"inline_featured_image":false,"_genesis_hide_title":false,"_genesis_hide_breadcrumbs":false,"_genesis_hide_singular_image":false,"_genesis_hide_footer_widgets":false,"_genesis_custom_body_class":"","_genesis_custom_post_class":"","_genesis_layout":""},"product_cat":[98,113],"product_tag":[],"acf":[],"yoast_head":"<!-- This site is optimized with the Yoast SEO plugin v20.7 - https:\/\/yoast.com\/wordpress\/plugins\/seo\/ -->\n<title>My transformation - Nives U. Lubej - slike<\/title>\n<meta name=\"description\" content=\"S personaliziranimi zdravilnimi, energijskimi slikami pomagam, da se stranke po\u010dutijo polne ljubezni in se pove\u017eejo z globino sebe.\" \/>\n<meta name=\"robots\" content=\"index, follow, max-snippet:-1, max-image-preview:large, max-video-preview:-1\" \/>\n<link rel=\"canonical\" href=\"https:\/\/www.niveslubej.art\/en\/umetnina\/my-transformation\/\" \/>\n<meta property=\"og:locale\" content=\"en_US\" \/>\n<meta property=\"og:type\" content=\"article\" \/>\n<meta property=\"og:title\" content=\"My transformation - Nives U. Lubej - slike\" \/>\n<meta property=\"og:description\" content=\"S personaliziranimi zdravilnimi, energijskimi slikami pomagam, da se stranke po\u010dutijo polne ljubezni in se pove\u017eejo z globino sebe.\" \/>\n<meta property=\"og:url\" content=\"https:\/\/www.niveslubej.art\/en\/umetnina\/my-transformation\/\" \/>\n<meta property=\"og:site_name\" content=\"Nives U. Lubej - slike\" \/>\n<meta property=\"og:image\" content=\"https:\/\/www.niveslubej.art\/wp-content\/uploads\/2022\/02\/Moja-transformacija-1.jpeg\" \/>\n\t<meta property=\"og:image:width\" content=\"1067\" \/>\n\t<meta property=\"og:image:height\" content=\"1500\" \/>\n\t<meta property=\"og:image:type\" content=\"image\/jpeg\" \/>\n<meta name=\"twitter:card\" content=\"summary_large_image\" \/>\n<script type=\"application\/ld+json\" class=\"yoast-schema-graph\">{\"@context\":\"https:\/\/schema.org\",\"@graph\":[{\"@type\":\"WebPage\",\"@id\":\"https:\/\/www.niveslubej.art\/en\/umetnina\/my-transformation\/\",\"url\":\"https:\/\/www.niveslubej.art\/en\/umetnina\/my-transformation\/\",\"name\":\"My transformation - Nives U. Lubej - slike\",\"isPartOf\":{\"@id\":\"https:\/\/www.niveslubej.art\/en\/#website\"},\"datePublished\":\"2022-03-23T13:15:48+00:00\",\"dateModified\":\"2022-03-23T13:15:48+00:00\",\"description\":\"S personaliziranimi zdravilnimi, energijskimi slikami pomagam, da se stranke po\u010dutijo polne ljubezni in se pove\u017eejo z globino sebe.\",\"breadcrumb\":{\"@id\":\"https:\/\/www.niveslubej.art\/en\/umetnina\/my-transformation\/#breadcrumb\"},\"inLanguage\":\"en-US\",\"potentialAction\":[{\"@type\":\"ReadAction\",\"target\":[\"https:\/\/www.niveslubej.art\/en\/umetnina\/my-transformation\/\"]}]},{\"@type\":\"BreadcrumbList\",\"@id\":\"https:\/\/www.niveslubej.art\/en\/umetnina\/my-transformation\/#breadcrumb\",\"itemListElement\":[{\"@type\":\"ListItem\",\"position\":1,\"name\":\"Domov\",\"item\":\"https:\/\/www.niveslubej.art\/en\/\"},{\"@type\":\"ListItem\",\"position\":2,\"name\":\"I\u0161\u010dejo dom\",\"item\":\"https:\/\/www.niveslubej.art\/trgovina\/\"},{\"@type\":\"ListItem\",\"position\":3,\"name\":\"My transformation\"}]},{\"@type\":\"WebSite\",\"@id\":\"https:\/\/www.niveslubej.art\/en\/#website\",\"url\":\"https:\/\/www.niveslubej.art\/en\/\",\"name\":\"Nives U. Lubej - slike\",\"description\":\"Slike prina\u0161ajo pozitivno energijo v vsak prostor, da va\u0161e \u017eivljenje postane \u0161e lep\u0161e\",\"publisher\":{\"@id\":\"https:\/\/www.niveslubej.art\/en\/#organization\"},\"potentialAction\":[{\"@type\":\"SearchAction\",\"target\":{\"@type\":\"EntryPoint\",\"urlTemplate\":\"https:\/\/www.niveslubej.art\/en\/?s={search_term_string}\"},\"query-input\":\"required name=search_term_string\"}],\"inLanguage\":\"en-US\"},{\"@type\":\"Organization\",\"@id\":\"https:\/\/www.niveslubej.art\/en\/#organization\",\"name\":\"Nives Uljan - personalizirane, zdravilne, energijske slike\",\"url\":\"https:\/\/www.niveslubej.art\/en\/\",\"logo\":{\"@type\":\"ImageObject\",\"inLanguage\":\"en-US\",\"@id\":\"https:\/\/www.niveslubej.art\/en\/#\/schema\/logo\/image\/\",\"url\":\"https:\/\/www.niveslubej.art\/wp-content\/uploads\/2022\/02\/nives-uljan-osnovna-blue.svg\",\"contentUrl\":\"https:\/\/www.niveslubej.art\/wp-content\/uploads\/2022\/02\/nives-uljan-osnovna-blue.svg\",\"width\":\"1024\",\"height\":\"1024\",\"caption\":\"Nives Uljan - personalizirane, zdravilne, energijske slike\"},\"image\":{\"@id\":\"https:\/\/www.niveslubej.art\/en\/#\/schema\/logo\/image\/\"}}]}<\/script>\n<!-- \/ Yoast SEO plugin. -->","yoast_head_json":{"title":"My transformation - Nives U. Lubej - slike","description":"S personaliziranimi zdravilnimi, energijskimi slikami pomagam, da se stranke po\u010dutijo polne ljubezni in se pove\u017eejo z globino sebe.","robots":{"index":"index","follow":"follow","max-snippet":"max-snippet:-1","max-image-preview":"max-image-preview:large","max-video-preview":"max-video-preview:-1"},"canonical":"https:\/\/www.niveslubej.art\/en\/umetnina\/my-transformation\/","og_locale":"en_US","og_type":"article","og_title":"My transformation - Nives U. Lubej - slike","og_description":"S personaliziranimi zdravilnimi, energijskimi slikami pomagam, da se stranke po\u010dutijo polne ljubezni in se pove\u017eejo z globino sebe.","og_url":"https:\/\/www.niveslubej.art\/en\/umetnina\/my-transformation\/","og_site_name":"Nives U. Lubej - slike","og_image":[{"width":1067,"height":1500,"url":"https:\/\/www.niveslubej.art\/wp-content\/uploads\/2022\/02\/Moja-transformacija-1.jpeg","type":"image\/jpeg"}],"twitter_card":"summary_large_image","schema":{"@context":"https:\/\/schema.org","@graph":[{"@type":"WebPage","@id":"https:\/\/www.niveslubej.art\/en\/umetnina\/my-transformation\/","url":"https:\/\/www.niveslubej.art\/en\/umetnina\/my-transformation\/","name":"My transformation - Nives U. Lubej - slike","isPartOf":{"@id":"https:\/\/www.niveslubej.art\/en\/#website"},"datePublished":"2022-03-23T13:15:48+00:00","dateModified":"2022-03-23T13:15:48+00:00","description":"S personaliziranimi zdravilnimi, energijskimi slikami pomagam, da se stranke po\u010dutijo polne ljubezni in se pove\u017eejo z globino sebe.","breadcrumb":{"@id":"https:\/\/www.niveslubej.art\/en\/umetnina\/my-transformation\/#breadcrumb"},"inLanguage":"en-US","potentialAction":[{"@type":"ReadAction","target":["https:\/\/www.niveslubej.art\/en\/umetnina\/my-transformation\/"]}]},{"@type":"BreadcrumbList","@id":"https:\/\/www.niveslubej.art\/en\/umetnina\/my-transformation\/#breadcrumb","itemListElement":[{"@type":"ListItem","position":1,"name":"Domov","item":"https:\/\/www.niveslubej.art\/en\/"},{"@type":"ListItem","position":2,"name":"I\u0161\u010dejo dom","item":"https:\/\/www.niveslubej.art\/trgovina\/"},{"@type":"ListItem","position":3,"name":"My transformation"}]},{"@type":"WebSite","@id":"https:\/\/www.niveslubej.art\/en\/#website","url":"https:\/\/www.niveslubej.art\/en\/","name":"Nives U. Lubej - slike","description":"Slike prina\u0161ajo pozitivno energijo v vsak prostor, da va\u0161e \u017eivljenje postane \u0161e lep\u0161e","publisher":{"@id":"https:\/\/www.niveslubej.art\/en\/#organization"},"potentialAction":[{"@type":"SearchAction","target":{"@type":"EntryPoint","urlTemplate":"https:\/\/www.niveslubej.art\/en\/?s={search_term_string}"},"query-input":"required name=search_term_string"}],"inLanguage":"en-US"},{"@type":"Organization","@id":"https:\/\/www.niveslubej.art\/en\/#organization","name":"Nives Uljan - personalizirane, zdravilne, energijske slike","url":"https:\/\/www.niveslubej.art\/en\/","logo":{"@type":"ImageObject","inLanguage":"en-US","@id":"https:\/\/www.niveslubej.art\/en\/#\/schema\/logo\/image\/","url":"https:\/\/www.niveslubej.art\/wp-content\/uploads\/2022\/02\/nives-uljan-osnovna-blue.svg","contentUrl":"https:\/\/www.niveslubej.art\/wp-content\/uploads\/2022\/02\/nives-uljan-osnovna-blue.svg","width":"1024","height":"1024","caption":"Nives Uljan - personalizirane, zdravilne, energijske slike"},"image":{"@id":"https:\/\/www.niveslubej.art\/en\/#\/schema\/logo\/image\/"}}]}},"_links":{"self":[{"href":"https:\/\/www.niveslubej.art\/en\/wp-json\/wp\/v2\/product\/1860"}],"collection":[{"href":"https:\/\/www.niveslubej.art\/en\/wp-json\/wp\/v2\/product"}],"about":[{"href":"https:\/\/www.niveslubej.art\/en\/wp-json\/wp\/v2\/types\/product"}],"wp:featuredmedia":[{"embeddable":true,"href":"https:\/\/www.niveslubej.art\/en\/wp-json\/wp\/v2\/media\/1499"}],"wp:attachment":[{"href":"https:\/\/www.niveslubej.art\/en\/wp-json\/wp\/v2\/media?parent=1860"}],"wp:term":[{"taxonomy":"product_cat","embeddable":true,"href":"https:\/\/www.niveslubej.art\/en\/wp-json\/wp\/v2\/product_cat?post=1860"},{"taxonomy":"product_tag","embeddable":true,"href":"https:\/\/www.niveslubej.art\/en\/wp-json\/wp\/v2\/product_tag?post=1860"}],"curies":[{"name":"wp","href":"https:\/\/api.w.org\/{rel}","templated":true}]}}