{"id":1856,"date":"2022-03-23T14:04:05","date_gmt":"2022-03-23T13:04:05","guid":{"rendered":"https:\/\/www.niveslubej.art\/umetnina\/the-floating-girl\/"},"modified":"2022-03-23T14:04:05","modified_gmt":"2022-03-23T13:04:05","slug":"the-floating-girl","status":"publish","type":"product","link":"https:\/\/www.niveslubej.art\/en\/umetnina\/the-floating-girl\/","title":{"rendered":"The floating girl"},"content":{"rendered":"","protected":false},"excerpt":{"rendered":"","protected":false},"featured_media":1473,"template":"","meta":{"inline_featured_image":false,"_genesis_hide_title":false,"_genesis_hide_breadcrumbs":false,"_genesis_hide_singular_image":false,"_genesis_hide_footer_widgets":false,"_genesis_custom_body_class":"","_genesis_custom_post_class":"","_genesis_layout":""},"product_cat":[98,113],"product_tag":[],"acf":[],"yoast_head":"<!-- This site is optimized with the Yoast SEO plugin v20.7 - https:\/\/yoast.com\/wordpress\/plugins\/seo\/ -->\n<title>The floating girl - Nives U. Lubej - slike<\/title>\n<meta name=\"description\" content=\"This painting won the prize in the Ex Tempora Koper competition, selected by the participants, with the title The Rose of Koper. Set in the greyness of its surroundings, it lightly spreads its flowers, its essences, its scents into its surroundings, thus colouring them.\" \/>\n<meta name=\"robots\" content=\"index, follow, max-snippet:-1, max-image-preview:large, max-video-preview:-1\" \/>\n<link rel=\"canonical\" href=\"https:\/\/www.niveslubej.art\/en\/umetnina\/the-floating-girl\/\" \/>\n<meta property=\"og:locale\" content=\"en_US\" \/>\n<meta property=\"og:type\" content=\"article\" \/>\n<meta property=\"og:title\" content=\"The floating girl - Nives U. Lubej - slike\" \/>\n<meta property=\"og:description\" content=\"This painting won the prize in the Ex Tempora Koper competition, selected by the participants, with the title The Rose of Koper. Set in the greyness of its surroundings, it lightly spreads its flowers, its essences, its scents into its surroundings, thus colouring them.\" \/>\n<meta property=\"og:url\" content=\"https:\/\/www.niveslubej.art\/en\/umetnina\/the-floating-girl\/\" \/>\n<meta property=\"og:site_name\" content=\"Nives U. Lubej - slike\" \/>\n<meta property=\"og:image\" content=\"https:\/\/www.niveslubej.art\/wp-content\/uploads\/2022\/02\/Lebdeca-deklica-2.jpeg\" \/>\n\t<meta property=\"og:image:width\" content=\"1492\" \/>\n\t<meta property=\"og:image:height\" content=\"1500\" \/>\n\t<meta property=\"og:image:type\" content=\"image\/jpeg\" \/>\n<meta name=\"twitter:card\" content=\"summary_large_image\" \/>\n<script type=\"application\/ld+json\" class=\"yoast-schema-graph\">{\"@context\":\"https:\/\/schema.org\",\"@graph\":[{\"@type\":\"WebPage\",\"@id\":\"https:\/\/www.niveslubej.art\/en\/umetnina\/the-floating-girl\/\",\"url\":\"https:\/\/www.niveslubej.art\/en\/umetnina\/the-floating-girl\/\",\"name\":\"The floating girl - Nives U. Lubej - slike\",\"isPartOf\":{\"@id\":\"https:\/\/www.niveslubej.art\/en\/#website\"},\"datePublished\":\"2022-03-23T13:04:05+00:00\",\"dateModified\":\"2022-03-23T13:04:05+00:00\",\"description\":\"This painting won the prize in the Ex Tempora Koper competition, selected by the participants, with the title The Rose of Koper. Set in the greyness of its surroundings, it lightly spreads its flowers, its essences, its scents into its surroundings, thus colouring them.\",\"breadcrumb\":{\"@id\":\"https:\/\/www.niveslubej.art\/en\/umetnina\/the-floating-girl\/#breadcrumb\"},\"inLanguage\":\"en-US\",\"potentialAction\":[{\"@type\":\"ReadAction\",\"target\":[\"https:\/\/www.niveslubej.art\/en\/umetnina\/the-floating-girl\/\"]}]},{\"@type\":\"BreadcrumbList\",\"@id\":\"https:\/\/www.niveslubej.art\/en\/umetnina\/the-floating-girl\/#breadcrumb\",\"itemListElement\":[{\"@type\":\"ListItem\",\"position\":1,\"name\":\"Domov\",\"item\":\"https:\/\/www.niveslubej.art\/en\/\"},{\"@type\":\"ListItem\",\"position\":2,\"name\":\"I\u0161\u010dejo dom\",\"item\":\"https:\/\/www.niveslubej.art\/trgovina\/\"},{\"@type\":\"ListItem\",\"position\":3,\"name\":\"The floating girl\"}]},{\"@type\":\"WebSite\",\"@id\":\"https:\/\/www.niveslubej.art\/en\/#website\",\"url\":\"https:\/\/www.niveslubej.art\/en\/\",\"name\":\"Nives U. Lubej - slike\",\"description\":\"Slike prina\u0161ajo pozitivno energijo v vsak prostor, da va\u0161e \u017eivljenje postane \u0161e lep\u0161e\",\"publisher\":{\"@id\":\"https:\/\/www.niveslubej.art\/en\/#organization\"},\"potentialAction\":[{\"@type\":\"SearchAction\",\"target\":{\"@type\":\"EntryPoint\",\"urlTemplate\":\"https:\/\/www.niveslubej.art\/en\/?s={search_term_string}\"},\"query-input\":\"required name=search_term_string\"}],\"inLanguage\":\"en-US\"},{\"@type\":\"Organization\",\"@id\":\"https:\/\/www.niveslubej.art\/en\/#organization\",\"name\":\"Nives Uljan - personalizirane, zdravilne, energijske slike\",\"url\":\"https:\/\/www.niveslubej.art\/en\/\",\"logo\":{\"@type\":\"ImageObject\",\"inLanguage\":\"en-US\",\"@id\":\"https:\/\/www.niveslubej.art\/en\/#\/schema\/logo\/image\/\",\"url\":\"https:\/\/www.niveslubej.art\/wp-content\/uploads\/2022\/02\/nives-uljan-osnovna-blue.svg\",\"contentUrl\":\"https:\/\/www.niveslubej.art\/wp-content\/uploads\/2022\/02\/nives-uljan-osnovna-blue.svg\",\"width\":\"1024\",\"height\":\"1024\",\"caption\":\"Nives Uljan - personalizirane, zdravilne, energijske slike\"},\"image\":{\"@id\":\"https:\/\/www.niveslubej.art\/en\/#\/schema\/logo\/image\/\"}}]}<\/script>\n<!-- \/ Yoast SEO plugin. -->","yoast_head_json":{"title":"The floating girl - Nives U. Lubej - slike","description":"This painting won the prize in the Ex Tempora Koper competition, selected by the participants, with the title The Rose of Koper. Set in the greyness of its surroundings, it lightly spreads its flowers, its essences, its scents into its surroundings, thus colouring them.","robots":{"index":"index","follow":"follow","max-snippet":"max-snippet:-1","max-image-preview":"max-image-preview:large","max-video-preview":"max-video-preview:-1"},"canonical":"https:\/\/www.niveslubej.art\/en\/umetnina\/the-floating-girl\/","og_locale":"en_US","og_type":"article","og_title":"The floating girl - Nives U. Lubej - slike","og_description":"This painting won the prize in the Ex Tempora Koper competition, selected by the participants, with the title The Rose of Koper. Set in the greyness of its surroundings, it lightly spreads its flowers, its essences, its scents into its surroundings, thus colouring them.","og_url":"https:\/\/www.niveslubej.art\/en\/umetnina\/the-floating-girl\/","og_site_name":"Nives U. Lubej - slike","og_image":[{"width":1492,"height":1500,"url":"https:\/\/www.niveslubej.art\/wp-content\/uploads\/2022\/02\/Lebdeca-deklica-2.jpeg","type":"image\/jpeg"}],"twitter_card":"summary_large_image","schema":{"@context":"https:\/\/schema.org","@graph":[{"@type":"WebPage","@id":"https:\/\/www.niveslubej.art\/en\/umetnina\/the-floating-girl\/","url":"https:\/\/www.niveslubej.art\/en\/umetnina\/the-floating-girl\/","name":"The floating girl - Nives U. Lubej - slike","isPartOf":{"@id":"https:\/\/www.niveslubej.art\/en\/#website"},"datePublished":"2022-03-23T13:04:05+00:00","dateModified":"2022-03-23T13:04:05+00:00","description":"This painting won the prize in the Ex Tempora Koper competition, selected by the participants, with the title The Rose of Koper. Set in the greyness of its surroundings, it lightly spreads its flowers, its essences, its scents into its surroundings, thus colouring them.","breadcrumb":{"@id":"https:\/\/www.niveslubej.art\/en\/umetnina\/the-floating-girl\/#breadcrumb"},"inLanguage":"en-US","potentialAction":[{"@type":"ReadAction","target":["https:\/\/www.niveslubej.art\/en\/umetnina\/the-floating-girl\/"]}]},{"@type":"BreadcrumbList","@id":"https:\/\/www.niveslubej.art\/en\/umetnina\/the-floating-girl\/#breadcrumb","itemListElement":[{"@type":"ListItem","position":1,"name":"Domov","item":"https:\/\/www.niveslubej.art\/en\/"},{"@type":"ListItem","position":2,"name":"I\u0161\u010dejo dom","item":"https:\/\/www.niveslubej.art\/trgovina\/"},{"@type":"ListItem","position":3,"name":"The floating girl"}]},{"@type":"WebSite","@id":"https:\/\/www.niveslubej.art\/en\/#website","url":"https:\/\/www.niveslubej.art\/en\/","name":"Nives U. Lubej - slike","description":"Slike prina\u0161ajo pozitivno energijo v vsak prostor, da va\u0161e \u017eivljenje postane \u0161e lep\u0161e","publisher":{"@id":"https:\/\/www.niveslubej.art\/en\/#organization"},"potentialAction":[{"@type":"SearchAction","target":{"@type":"EntryPoint","urlTemplate":"https:\/\/www.niveslubej.art\/en\/?s={search_term_string}"},"query-input":"required name=search_term_string"}],"inLanguage":"en-US"},{"@type":"Organization","@id":"https:\/\/www.niveslubej.art\/en\/#organization","name":"Nives Uljan - personalizirane, zdravilne, energijske slike","url":"https:\/\/www.niveslubej.art\/en\/","logo":{"@type":"ImageObject","inLanguage":"en-US","@id":"https:\/\/www.niveslubej.art\/en\/#\/schema\/logo\/image\/","url":"https:\/\/www.niveslubej.art\/wp-content\/uploads\/2022\/02\/nives-uljan-osnovna-blue.svg","contentUrl":"https:\/\/www.niveslubej.art\/wp-content\/uploads\/2022\/02\/nives-uljan-osnovna-blue.svg","width":"1024","height":"1024","caption":"Nives Uljan - personalizirane, zdravilne, energijske slike"},"image":{"@id":"https:\/\/www.niveslubej.art\/en\/#\/schema\/logo\/image\/"}}]}},"_links":{"self":[{"href":"https:\/\/www.niveslubej.art\/en\/wp-json\/wp\/v2\/product\/1856"}],"collection":[{"href":"https:\/\/www.niveslubej.art\/en\/wp-json\/wp\/v2\/product"}],"about":[{"href":"https:\/\/www.niveslubej.art\/en\/wp-json\/wp\/v2\/types\/product"}],"wp:featuredmedia":[{"embeddable":true,"href":"https:\/\/www.niveslubej.art\/en\/wp-json\/wp\/v2\/media\/1473"}],"wp:attachment":[{"href":"https:\/\/www.niveslubej.art\/en\/wp-json\/wp\/v2\/media?parent=1856"}],"wp:term":[{"taxonomy":"product_cat","embeddable":true,"href":"https:\/\/www.niveslubej.art\/en\/wp-json\/wp\/v2\/product_cat?post=1856"},{"taxonomy":"product_tag","embeddable":true,"href":"https:\/\/www.niveslubej.art\/en\/wp-json\/wp\/v2\/product_tag?post=1856"}],"curies":[{"name":"wp","href":"https:\/\/api.w.org\/{rel}","templated":true}]}}