{"id":1065,"date":"2022-03-23T13:30:30","date_gmt":"2022-03-23T12:30:30","guid":{"rendered":"https:\/\/www.niveslubej.art\/?post_type=product&#038;p=1065"},"modified":"2022-09-07T15:52:42","modified_gmt":"2022-09-07T13:52:42","slug":"uzitek-telesa-tisk","status":"publish","type":"product","link":"https:\/\/www.niveslubej.art\/en\/umetnina\/uzitek-telesa-tisk\/","title":{"rendered":"U\u017eitek telesa ti"},"content":{"rendered":"","protected":false},"excerpt":{"rendered":"","protected":false},"featured_media":132,"template":"","meta":{"inline_featured_image":false,"_genesis_hide_title":false,"_genesis_hide_breadcrumbs":false,"_genesis_hide_singular_image":false,"_genesis_hide_footer_widgets":false,"_genesis_custom_body_class":"","_genesis_custom_post_class":"","_genesis_layout":""},"product_cat":[25,35],"product_tag":[],"acf":[],"yoast_head":"<!-- This site is optimized with the Yoast SEO plugin v20.7 - https:\/\/yoast.com\/wordpress\/plugins\/seo\/ -->\n<title>U\u017eitek telesa ti - Nives U. Lubej - slike<\/title>\n<meta name=\"description\" content=\"Vedno me privla\u010dijo \u017eenski motivi; ti se kar sami pojavijo na mojih slikah, o\u010ditno imam to znotraj sebe. Ideja pa je bila poustvariti li\u0161aje, ki se nahajajo na drevesnih deblih, in jih le v ve\u010djem formatu posku\u0161ati naslikati \u2013 kot neke vrste slikarska \u0161tudija. Na koncu je nastala \u017eenska, hehe \u263a In vsaj meni pomaga pri ohranjanju \u017eenstvenosti, \u010de ne druga\u010de tako, da me na to dnevno spomni, ko se mi ka\u017ee na steni.\" \/>\n<meta name=\"robots\" content=\"index, follow, max-snippet:-1, max-image-preview:large, max-video-preview:-1\" \/>\n<link rel=\"canonical\" href=\"https:\/\/www.niveslubej.art\/en\/umetnina\/uzitek-telesa-tisk\/\" \/>\n<meta property=\"og:locale\" content=\"en_US\" \/>\n<meta property=\"og:type\" content=\"article\" \/>\n<meta property=\"og:title\" content=\"U\u017eitek telesa ti - Nives U. Lubej - slike\" \/>\n<meta property=\"og:description\" content=\"Vedno me privla\u010dijo \u017eenski motivi; ti se kar sami pojavijo na mojih slikah, o\u010ditno imam to znotraj sebe. Ideja pa je bila poustvariti li\u0161aje, ki se nahajajo na drevesnih deblih, in jih le v ve\u010djem formatu posku\u0161ati naslikati \u2013 kot neke vrste slikarska \u0161tudija. Na koncu je nastala \u017eenska, hehe \u263a In vsaj meni pomaga pri ohranjanju \u017eenstvenosti, \u010de ne druga\u010de tako, da me na to dnevno spomni, ko se mi ka\u017ee na steni.\" \/>\n<meta property=\"og:url\" content=\"https:\/\/www.niveslubej.art\/en\/umetnina\/uzitek-telesa-tisk\/\" \/>\n<meta property=\"og:site_name\" content=\"Nives U. Lubej - slike\" \/>\n<meta property=\"article:modified_time\" content=\"2022-09-07T13:52:42+00:00\" \/>\n<meta property=\"og:image\" content=\"https:\/\/www.niveslubej.art\/wp-content\/uploads\/2022\/02\/Uzitek-telesa-1.jpeg\" \/>\n\t<meta property=\"og:image:width\" content=\"1030\" \/>\n\t<meta property=\"og:image:height\" content=\"1500\" \/>\n\t<meta property=\"og:image:type\" content=\"image\/jpeg\" \/>\n<meta name=\"twitter:card\" content=\"summary_large_image\" \/>\n<script type=\"application\/ld+json\" class=\"yoast-schema-graph\">{\"@context\":\"https:\/\/schema.org\",\"@graph\":[{\"@type\":\"WebPage\",\"@id\":\"https:\/\/www.niveslubej.art\/en\/umetnina\/uzitek-telesa-tisk\/\",\"url\":\"https:\/\/www.niveslubej.art\/en\/umetnina\/uzitek-telesa-tisk\/\",\"name\":\"U\u017eitek telesa ti - Nives U. Lubej - slike\",\"isPartOf\":{\"@id\":\"https:\/\/www.niveslubej.art\/en\/#website\"},\"datePublished\":\"2022-03-23T12:30:30+00:00\",\"dateModified\":\"2022-09-07T13:52:42+00:00\",\"description\":\"Vedno me privla\u010dijo \u017eenski motivi; ti se kar sami pojavijo na mojih slikah, o\u010ditno imam to znotraj sebe. Ideja pa je bila poustvariti li\u0161aje, ki se nahajajo na drevesnih deblih, in jih le v ve\u010djem formatu posku\u0161ati naslikati \u2013 kot neke vrste slikarska \u0161tudija. Na koncu je nastala \u017eenska, hehe \u263a In vsaj meni pomaga pri ohranjanju \u017eenstvenosti, \u010de ne druga\u010de tako, da me na to dnevno spomni, ko se mi ka\u017ee na steni.\",\"breadcrumb\":{\"@id\":\"https:\/\/www.niveslubej.art\/en\/umetnina\/uzitek-telesa-tisk\/#breadcrumb\"},\"inLanguage\":\"en-US\",\"potentialAction\":[{\"@type\":\"ReadAction\",\"target\":[\"https:\/\/www.niveslubej.art\/en\/umetnina\/uzitek-telesa-tisk\/\"]}]},{\"@type\":\"BreadcrumbList\",\"@id\":\"https:\/\/www.niveslubej.art\/en\/umetnina\/uzitek-telesa-tisk\/#breadcrumb\",\"itemListElement\":[{\"@type\":\"ListItem\",\"position\":1,\"name\":\"Domov\",\"item\":\"https:\/\/www.niveslubej.art\/en\/\"},{\"@type\":\"ListItem\",\"position\":2,\"name\":\"I\u0161\u010dejo dom\",\"item\":\"https:\/\/www.niveslubej.art\/trgovina\/\"},{\"@type\":\"ListItem\",\"position\":3,\"name\":\"U\u017eitek telesa ti\"}]},{\"@type\":\"WebSite\",\"@id\":\"https:\/\/www.niveslubej.art\/en\/#website\",\"url\":\"https:\/\/www.niveslubej.art\/en\/\",\"name\":\"Nives U. Lubej - slike\",\"description\":\"Slike prina\u0161ajo pozitivno energijo v vsak prostor, da va\u0161e \u017eivljenje postane \u0161e lep\u0161e\",\"publisher\":{\"@id\":\"https:\/\/www.niveslubej.art\/en\/#organization\"},\"potentialAction\":[{\"@type\":\"SearchAction\",\"target\":{\"@type\":\"EntryPoint\",\"urlTemplate\":\"https:\/\/www.niveslubej.art\/en\/?s={search_term_string}\"},\"query-input\":\"required name=search_term_string\"}],\"inLanguage\":\"en-US\"},{\"@type\":\"Organization\",\"@id\":\"https:\/\/www.niveslubej.art\/en\/#organization\",\"name\":\"Nives Uljan - personalizirane, zdravilne, energijske slike\",\"url\":\"https:\/\/www.niveslubej.art\/en\/\",\"logo\":{\"@type\":\"ImageObject\",\"inLanguage\":\"en-US\",\"@id\":\"https:\/\/www.niveslubej.art\/en\/#\/schema\/logo\/image\/\",\"url\":\"https:\/\/www.niveslubej.art\/wp-content\/uploads\/2022\/02\/nives-uljan-osnovna-blue.svg\",\"contentUrl\":\"https:\/\/www.niveslubej.art\/wp-content\/uploads\/2022\/02\/nives-uljan-osnovna-blue.svg\",\"width\":\"1024\",\"height\":\"1024\",\"caption\":\"Nives Uljan - personalizirane, zdravilne, energijske slike\"},\"image\":{\"@id\":\"https:\/\/www.niveslubej.art\/en\/#\/schema\/logo\/image\/\"}}]}<\/script>\n<!-- \/ Yoast SEO plugin. -->","yoast_head_json":{"title":"U\u017eitek telesa ti - Nives U. Lubej - slike","description":"Vedno me privla\u010dijo \u017eenski motivi; ti se kar sami pojavijo na mojih slikah, o\u010ditno imam to znotraj sebe. Ideja pa je bila poustvariti li\u0161aje, ki se nahajajo na drevesnih deblih, in jih le v ve\u010djem formatu posku\u0161ati naslikati \u2013 kot neke vrste slikarska \u0161tudija. Na koncu je nastala \u017eenska, hehe \u263a In vsaj meni pomaga pri ohranjanju \u017eenstvenosti, \u010de ne druga\u010de tako, da me na to dnevno spomni, ko se mi ka\u017ee na steni.","robots":{"index":"index","follow":"follow","max-snippet":"max-snippet:-1","max-image-preview":"max-image-preview:large","max-video-preview":"max-video-preview:-1"},"canonical":"https:\/\/www.niveslubej.art\/en\/umetnina\/uzitek-telesa-tisk\/","og_locale":"en_US","og_type":"article","og_title":"U\u017eitek telesa ti - Nives U. Lubej - slike","og_description":"Vedno me privla\u010dijo \u017eenski motivi; ti se kar sami pojavijo na mojih slikah, o\u010ditno imam to znotraj sebe. Ideja pa je bila poustvariti li\u0161aje, ki se nahajajo na drevesnih deblih, in jih le v ve\u010djem formatu posku\u0161ati naslikati \u2013 kot neke vrste slikarska \u0161tudija. Na koncu je nastala \u017eenska, hehe \u263a In vsaj meni pomaga pri ohranjanju \u017eenstvenosti, \u010de ne druga\u010de tako, da me na to dnevno spomni, ko se mi ka\u017ee na steni.","og_url":"https:\/\/www.niveslubej.art\/en\/umetnina\/uzitek-telesa-tisk\/","og_site_name":"Nives U. Lubej - slike","article_modified_time":"2022-09-07T13:52:42+00:00","og_image":[{"width":1030,"height":1500,"url":"https:\/\/www.niveslubej.art\/wp-content\/uploads\/2022\/02\/Uzitek-telesa-1.jpeg","type":"image\/jpeg"}],"twitter_card":"summary_large_image","schema":{"@context":"https:\/\/schema.org","@graph":[{"@type":"WebPage","@id":"https:\/\/www.niveslubej.art\/en\/umetnina\/uzitek-telesa-tisk\/","url":"https:\/\/www.niveslubej.art\/en\/umetnina\/uzitek-telesa-tisk\/","name":"U\u017eitek telesa ti - Nives U. Lubej - slike","isPartOf":{"@id":"https:\/\/www.niveslubej.art\/en\/#website"},"datePublished":"2022-03-23T12:30:30+00:00","dateModified":"2022-09-07T13:52:42+00:00","description":"Vedno me privla\u010dijo \u017eenski motivi; ti se kar sami pojavijo na mojih slikah, o\u010ditno imam to znotraj sebe. Ideja pa je bila poustvariti li\u0161aje, ki se nahajajo na drevesnih deblih, in jih le v ve\u010djem formatu posku\u0161ati naslikati \u2013 kot neke vrste slikarska \u0161tudija. Na koncu je nastala \u017eenska, hehe \u263a In vsaj meni pomaga pri ohranjanju \u017eenstvenosti, \u010de ne druga\u010de tako, da me na to dnevno spomni, ko se mi ka\u017ee na steni.","breadcrumb":{"@id":"https:\/\/www.niveslubej.art\/en\/umetnina\/uzitek-telesa-tisk\/#breadcrumb"},"inLanguage":"en-US","potentialAction":[{"@type":"ReadAction","target":["https:\/\/www.niveslubej.art\/en\/umetnina\/uzitek-telesa-tisk\/"]}]},{"@type":"BreadcrumbList","@id":"https:\/\/www.niveslubej.art\/en\/umetnina\/uzitek-telesa-tisk\/#breadcrumb","itemListElement":[{"@type":"ListItem","position":1,"name":"Domov","item":"https:\/\/www.niveslubej.art\/en\/"},{"@type":"ListItem","position":2,"name":"I\u0161\u010dejo dom","item":"https:\/\/www.niveslubej.art\/trgovina\/"},{"@type":"ListItem","position":3,"name":"U\u017eitek telesa ti"}]},{"@type":"WebSite","@id":"https:\/\/www.niveslubej.art\/en\/#website","url":"https:\/\/www.niveslubej.art\/en\/","name":"Nives U. Lubej - slike","description":"Slike prina\u0161ajo pozitivno energijo v vsak prostor, da va\u0161e \u017eivljenje postane \u0161e lep\u0161e","publisher":{"@id":"https:\/\/www.niveslubej.art\/en\/#organization"},"potentialAction":[{"@type":"SearchAction","target":{"@type":"EntryPoint","urlTemplate":"https:\/\/www.niveslubej.art\/en\/?s={search_term_string}"},"query-input":"required name=search_term_string"}],"inLanguage":"en-US"},{"@type":"Organization","@id":"https:\/\/www.niveslubej.art\/en\/#organization","name":"Nives Uljan - personalizirane, zdravilne, energijske slike","url":"https:\/\/www.niveslubej.art\/en\/","logo":{"@type":"ImageObject","inLanguage":"en-US","@id":"https:\/\/www.niveslubej.art\/en\/#\/schema\/logo\/image\/","url":"https:\/\/www.niveslubej.art\/wp-content\/uploads\/2022\/02\/nives-uljan-osnovna-blue.svg","contentUrl":"https:\/\/www.niveslubej.art\/wp-content\/uploads\/2022\/02\/nives-uljan-osnovna-blue.svg","width":"1024","height":"1024","caption":"Nives Uljan - personalizirane, zdravilne, energijske slike"},"image":{"@id":"https:\/\/www.niveslubej.art\/en\/#\/schema\/logo\/image\/"}}]}},"_links":{"self":[{"href":"https:\/\/www.niveslubej.art\/en\/wp-json\/wp\/v2\/product\/1065"}],"collection":[{"href":"https:\/\/www.niveslubej.art\/en\/wp-json\/wp\/v2\/product"}],"about":[{"href":"https:\/\/www.niveslubej.art\/en\/wp-json\/wp\/v2\/types\/product"}],"wp:featuredmedia":[{"embeddable":true,"href":"https:\/\/www.niveslubej.art\/en\/wp-json\/wp\/v2\/media\/132"}],"wp:attachment":[{"href":"https:\/\/www.niveslubej.art\/en\/wp-json\/wp\/v2\/media?parent=1065"}],"wp:term":[{"taxonomy":"product_cat","embeddable":true,"href":"https:\/\/www.niveslubej.art\/en\/wp-json\/wp\/v2\/product_cat?post=1065"},{"taxonomy":"product_tag","embeddable":true,"href":"https:\/\/www.niveslubej.art\/en\/wp-json\/wp\/v2\/product_tag?post=1065"}],"curies":[{"name":"wp","href":"https:\/\/api.w.org\/{rel}","templated":true}]}}