{"id":1048,"date":"2022-03-22T09:32:14","date_gmt":"2022-03-22T08:32:14","guid":{"rendered":"https:\/\/www.niveslubej.art\/?post_type=product&#038;p=1048"},"modified":"2022-09-07T15:57:52","modified_gmt":"2022-09-07T13:57:52","slug":"drevo-mojega-zivljenja-tisk","status":"publish","type":"product","link":"https:\/\/www.niveslubej.art\/en\/umetnina\/drevo-mojega-zivljenja-tisk\/","title":{"rendered":"Drevo mojega \u017eivljenja"},"content":{"rendered":"","protected":false},"excerpt":{"rendered":"<p>Bodi Ne\u017ena do sebe, do svojih notranjih prostorov Srca in Du\u0161e. Dovoli si za\u010dutiti jih, dovoli si, da te vodijo. Tej tihi glasovi Tvoje Du\u0161e, ki Te popeljejo v svet onkraj videnega, ki Te popeljejo v Ti\u0161ino Tebe. Dovoli si.<\/p>\n","protected":false},"featured_media":885,"template":"","meta":{"inline_featured_image":false,"_genesis_hide_title":false,"_genesis_hide_breadcrumbs":false,"_genesis_hide_singular_image":false,"_genesis_hide_footer_widgets":false,"_genesis_custom_body_class":"","_genesis_custom_post_class":"","_genesis_layout":""},"product_cat":[25,35],"product_tag":[],"acf":[],"yoast_head":"<!-- This site is optimized with the Yoast SEO plugin v20.7 - https:\/\/yoast.com\/wordpress\/plugins\/seo\/ -->\n<title>Drevo mojega \u017eivljenja - Nives U. Lubej - slike<\/title>\n<meta name=\"description\" content=\"Bodi Ne\u017ena do sebe, do svojih notranjih prostorov Srca in Du\u0161e. Dovoli si za\u010dutiti jih, dovoli si, da te vodijo. Tej tihi glasovi Tvoje Du\u0161e, ki Te popeljejo v svet onkraj videnega, ki Te popeljejo v Ti\u0161ino Tebe. Dovoli si.\" \/>\n<meta name=\"robots\" content=\"index, follow, max-snippet:-1, max-image-preview:large, max-video-preview:-1\" \/>\n<link rel=\"canonical\" href=\"https:\/\/www.niveslubej.art\/en\/umetnina\/drevo-mojega-zivljenja-tisk\/\" \/>\n<meta property=\"og:locale\" content=\"en_US\" \/>\n<meta property=\"og:type\" content=\"article\" \/>\n<meta property=\"og:title\" content=\"Drevo mojega \u017eivljenja - Nives U. Lubej - slike\" \/>\n<meta property=\"og:description\" content=\"Bodi Ne\u017ena do sebe, do svojih notranjih prostorov Srca in Du\u0161e. Dovoli si za\u010dutiti jih, dovoli si, da te vodijo. Tej tihi glasovi Tvoje Du\u0161e, ki Te popeljejo v svet onkraj videnega, ki Te popeljejo v Ti\u0161ino Tebe. Dovoli si.\" \/>\n<meta property=\"og:url\" content=\"https:\/\/www.niveslubej.art\/en\/umetnina\/drevo-mojega-zivljenja-tisk\/\" \/>\n<meta property=\"og:site_name\" content=\"Nives U. Lubej - slike\" \/>\n<meta property=\"article:modified_time\" content=\"2022-09-07T13:57:52+00:00\" \/>\n<meta property=\"og:image\" content=\"https:\/\/www.niveslubej.art\/wp-content\/uploads\/2022\/03\/Drevo-mojega-zivljenja.jpeg\" \/>\n\t<meta property=\"og:image:width\" content=\"992\" \/>\n\t<meta property=\"og:image:height\" content=\"1500\" \/>\n\t<meta property=\"og:image:type\" content=\"image\/jpeg\" \/>\n<meta name=\"twitter:card\" content=\"summary_large_image\" \/>\n<script type=\"application\/ld+json\" class=\"yoast-schema-graph\">{\"@context\":\"https:\/\/schema.org\",\"@graph\":[{\"@type\":\"WebPage\",\"@id\":\"https:\/\/www.niveslubej.art\/en\/umetnina\/drevo-mojega-zivljenja-tisk\/\",\"url\":\"https:\/\/www.niveslubej.art\/en\/umetnina\/drevo-mojega-zivljenja-tisk\/\",\"name\":\"Drevo mojega \u017eivljenja - Nives U. Lubej - slike\",\"isPartOf\":{\"@id\":\"https:\/\/www.niveslubej.art\/en\/#website\"},\"datePublished\":\"2022-03-22T08:32:14+00:00\",\"dateModified\":\"2022-09-07T13:57:52+00:00\",\"description\":\"Bodi Ne\u017ena do sebe, do svojih notranjih prostorov Srca in Du\u0161e. Dovoli si za\u010dutiti jih, dovoli si, da te vodijo. Tej tihi glasovi Tvoje Du\u0161e, ki Te popeljejo v svet onkraj videnega, ki Te popeljejo v Ti\u0161ino Tebe. Dovoli si.\",\"breadcrumb\":{\"@id\":\"https:\/\/www.niveslubej.art\/en\/umetnina\/drevo-mojega-zivljenja-tisk\/#breadcrumb\"},\"inLanguage\":\"en-US\",\"potentialAction\":[{\"@type\":\"ReadAction\",\"target\":[\"https:\/\/www.niveslubej.art\/en\/umetnina\/drevo-mojega-zivljenja-tisk\/\"]}]},{\"@type\":\"BreadcrumbList\",\"@id\":\"https:\/\/www.niveslubej.art\/en\/umetnina\/drevo-mojega-zivljenja-tisk\/#breadcrumb\",\"itemListElement\":[{\"@type\":\"ListItem\",\"position\":1,\"name\":\"Domov\",\"item\":\"https:\/\/www.niveslubej.art\/en\/\"},{\"@type\":\"ListItem\",\"position\":2,\"name\":\"I\u0161\u010dejo dom\",\"item\":\"https:\/\/www.niveslubej.art\/trgovina\/\"},{\"@type\":\"ListItem\",\"position\":3,\"name\":\"Drevo mojega \u017eivljenja\"}]},{\"@type\":\"WebSite\",\"@id\":\"https:\/\/www.niveslubej.art\/en\/#website\",\"url\":\"https:\/\/www.niveslubej.art\/en\/\",\"name\":\"Nives U. Lubej - slike\",\"description\":\"Slike prina\u0161ajo pozitivno energijo v vsak prostor, da va\u0161e \u017eivljenje postane \u0161e lep\u0161e\",\"publisher\":{\"@id\":\"https:\/\/www.niveslubej.art\/en\/#organization\"},\"potentialAction\":[{\"@type\":\"SearchAction\",\"target\":{\"@type\":\"EntryPoint\",\"urlTemplate\":\"https:\/\/www.niveslubej.art\/en\/?s={search_term_string}\"},\"query-input\":\"required name=search_term_string\"}],\"inLanguage\":\"en-US\"},{\"@type\":\"Organization\",\"@id\":\"https:\/\/www.niveslubej.art\/en\/#organization\",\"name\":\"Nives Uljan - personalizirane, zdravilne, energijske slike\",\"url\":\"https:\/\/www.niveslubej.art\/en\/\",\"logo\":{\"@type\":\"ImageObject\",\"inLanguage\":\"en-US\",\"@id\":\"https:\/\/www.niveslubej.art\/en\/#\/schema\/logo\/image\/\",\"url\":\"https:\/\/www.niveslubej.art\/wp-content\/uploads\/2022\/02\/nives-uljan-osnovna-blue.svg\",\"contentUrl\":\"https:\/\/www.niveslubej.art\/wp-content\/uploads\/2022\/02\/nives-uljan-osnovna-blue.svg\",\"width\":\"1024\",\"height\":\"1024\",\"caption\":\"Nives Uljan - personalizirane, zdravilne, energijske slike\"},\"image\":{\"@id\":\"https:\/\/www.niveslubej.art\/en\/#\/schema\/logo\/image\/\"}}]}<\/script>\n<!-- \/ Yoast SEO plugin. -->","yoast_head_json":{"title":"Drevo mojega \u017eivljenja - Nives U. Lubej - slike","description":"Bodi Ne\u017ena do sebe, do svojih notranjih prostorov Srca in Du\u0161e. Dovoli si za\u010dutiti jih, dovoli si, da te vodijo. Tej tihi glasovi Tvoje Du\u0161e, ki Te popeljejo v svet onkraj videnega, ki Te popeljejo v Ti\u0161ino Tebe. Dovoli si.","robots":{"index":"index","follow":"follow","max-snippet":"max-snippet:-1","max-image-preview":"max-image-preview:large","max-video-preview":"max-video-preview:-1"},"canonical":"https:\/\/www.niveslubej.art\/en\/umetnina\/drevo-mojega-zivljenja-tisk\/","og_locale":"en_US","og_type":"article","og_title":"Drevo mojega \u017eivljenja - Nives U. Lubej - slike","og_description":"Bodi Ne\u017ena do sebe, do svojih notranjih prostorov Srca in Du\u0161e. Dovoli si za\u010dutiti jih, dovoli si, da te vodijo. Tej tihi glasovi Tvoje Du\u0161e, ki Te popeljejo v svet onkraj videnega, ki Te popeljejo v Ti\u0161ino Tebe. Dovoli si.","og_url":"https:\/\/www.niveslubej.art\/en\/umetnina\/drevo-mojega-zivljenja-tisk\/","og_site_name":"Nives U. Lubej - slike","article_modified_time":"2022-09-07T13:57:52+00:00","og_image":[{"width":992,"height":1500,"url":"https:\/\/www.niveslubej.art\/wp-content\/uploads\/2022\/03\/Drevo-mojega-zivljenja.jpeg","type":"image\/jpeg"}],"twitter_card":"summary_large_image","schema":{"@context":"https:\/\/schema.org","@graph":[{"@type":"WebPage","@id":"https:\/\/www.niveslubej.art\/en\/umetnina\/drevo-mojega-zivljenja-tisk\/","url":"https:\/\/www.niveslubej.art\/en\/umetnina\/drevo-mojega-zivljenja-tisk\/","name":"Drevo mojega \u017eivljenja - Nives U. Lubej - slike","isPartOf":{"@id":"https:\/\/www.niveslubej.art\/en\/#website"},"datePublished":"2022-03-22T08:32:14+00:00","dateModified":"2022-09-07T13:57:52+00:00","description":"Bodi Ne\u017ena do sebe, do svojih notranjih prostorov Srca in Du\u0161e. Dovoli si za\u010dutiti jih, dovoli si, da te vodijo. Tej tihi glasovi Tvoje Du\u0161e, ki Te popeljejo v svet onkraj videnega, ki Te popeljejo v Ti\u0161ino Tebe. Dovoli si.","breadcrumb":{"@id":"https:\/\/www.niveslubej.art\/en\/umetnina\/drevo-mojega-zivljenja-tisk\/#breadcrumb"},"inLanguage":"en-US","potentialAction":[{"@type":"ReadAction","target":["https:\/\/www.niveslubej.art\/en\/umetnina\/drevo-mojega-zivljenja-tisk\/"]}]},{"@type":"BreadcrumbList","@id":"https:\/\/www.niveslubej.art\/en\/umetnina\/drevo-mojega-zivljenja-tisk\/#breadcrumb","itemListElement":[{"@type":"ListItem","position":1,"name":"Domov","item":"https:\/\/www.niveslubej.art\/en\/"},{"@type":"ListItem","position":2,"name":"I\u0161\u010dejo dom","item":"https:\/\/www.niveslubej.art\/trgovina\/"},{"@type":"ListItem","position":3,"name":"Drevo mojega \u017eivljenja"}]},{"@type":"WebSite","@id":"https:\/\/www.niveslubej.art\/en\/#website","url":"https:\/\/www.niveslubej.art\/en\/","name":"Nives U. Lubej - slike","description":"Slike prina\u0161ajo pozitivno energijo v vsak prostor, da va\u0161e \u017eivljenje postane \u0161e lep\u0161e","publisher":{"@id":"https:\/\/www.niveslubej.art\/en\/#organization"},"potentialAction":[{"@type":"SearchAction","target":{"@type":"EntryPoint","urlTemplate":"https:\/\/www.niveslubej.art\/en\/?s={search_term_string}"},"query-input":"required name=search_term_string"}],"inLanguage":"en-US"},{"@type":"Organization","@id":"https:\/\/www.niveslubej.art\/en\/#organization","name":"Nives Uljan - personalizirane, zdravilne, energijske slike","url":"https:\/\/www.niveslubej.art\/en\/","logo":{"@type":"ImageObject","inLanguage":"en-US","@id":"https:\/\/www.niveslubej.art\/en\/#\/schema\/logo\/image\/","url":"https:\/\/www.niveslubej.art\/wp-content\/uploads\/2022\/02\/nives-uljan-osnovna-blue.svg","contentUrl":"https:\/\/www.niveslubej.art\/wp-content\/uploads\/2022\/02\/nives-uljan-osnovna-blue.svg","width":"1024","height":"1024","caption":"Nives Uljan - personalizirane, zdravilne, energijske slike"},"image":{"@id":"https:\/\/www.niveslubej.art\/en\/#\/schema\/logo\/image\/"}}]}},"_links":{"self":[{"href":"https:\/\/www.niveslubej.art\/en\/wp-json\/wp\/v2\/product\/1048"}],"collection":[{"href":"https:\/\/www.niveslubej.art\/en\/wp-json\/wp\/v2\/product"}],"about":[{"href":"https:\/\/www.niveslubej.art\/en\/wp-json\/wp\/v2\/types\/product"}],"wp:featuredmedia":[{"embeddable":true,"href":"https:\/\/www.niveslubej.art\/en\/wp-json\/wp\/v2\/media\/885"}],"wp:attachment":[{"href":"https:\/\/www.niveslubej.art\/en\/wp-json\/wp\/v2\/media?parent=1048"}],"wp:term":[{"taxonomy":"product_cat","embeddable":true,"href":"https:\/\/www.niveslubej.art\/en\/wp-json\/wp\/v2\/product_cat?post=1048"},{"taxonomy":"product_tag","embeddable":true,"href":"https:\/\/www.niveslubej.art\/en\/wp-json\/wp\/v2\/product_tag?post=1048"}],"curies":[{"name":"wp","href":"https:\/\/api.w.org\/{rel}","templated":true}]}}