{"id":1878,"date":"2022-02-03T09:56:52","date_gmt":"2022-02-03T08:56:52","guid":{"rendered":"https:\/\/www.niveslubej.art\/contact\/"},"modified":"2025-09-17T10:12:55","modified_gmt":"2025-09-17T08:12:55","slug":"contact","status":"publish","type":"page","link":"https:\/\/www.niveslubej.art\/en\/contact\/","title":{"rendered":"Contact"},"content":{"rendered":"\n<div class=\"wp-block-genesis-blocks-gb-container gb-block-container\"><div class=\"gb-container-inside\"><div class=\"gb-container-image-wrap\"><img decoding=\"async\" class=\"gb-container-image has-background-dim\" object-fit=\"cover\"  src=\"https:\/\/www.niveslubej.art\/wp-content\/uploads\/2022\/02\/djotis-2.svg\" alt=\"\"\/><\/div><div class=\"gb-container-content\" style=\"max-width:800px\">\n<div class=\"wp-block-genesis-blocks-gb-columns gb-layout-columns-1 gb-1-col-equal\"><div class=\"gb-layout-column-wrap gb-block-layout-column-gap-2 gb-is-responsive-column\">\n<div class=\"wp-block-genesis-blocks-gb-column gb-block-layout-column\"><div class=\"gb-block-layout-column-inner\">\n<div class=\"wp-block-contact-form-7-contact-form-selector\">\n<div class=\"wpcf7 no-js\" id=\"wpcf7-f5-o1\" lang=\"en-US\" dir=\"ltr\">\n<div class=\"screen-reader-response\"><p role=\"status\" aria-live=\"polite\" aria-atomic=\"true\"><\/p> <ul><\/ul><\/div>\n<form action=\"\/en\/wp-json\/wp\/v2\/pages\/1878#wpcf7-f5-o1\" method=\"post\" class=\"wpcf7-form init\" aria-label=\"Contact form\" novalidate=\"novalidate\" data-status=\"init\">\n<div style=\"display: none;\">\n<input type=\"hidden\" name=\"_wpcf7\" value=\"5\" \/>\n<input type=\"hidden\" name=\"_wpcf7_version\" value=\"5.7.6\" \/>\n<input type=\"hidden\" name=\"_wpcf7_locale\" value=\"en_US\" \/>\n<input type=\"hidden\" name=\"_wpcf7_unit_tag\" value=\"wpcf7-f5-o1\" \/>\n<input type=\"hidden\" name=\"_wpcf7_container_post\" value=\"0\" \/>\n<input type=\"hidden\" name=\"_wpcf7_posted_data_hash\" value=\"\" \/>\n<input type=\"hidden\" name=\"_wpcf7cf_hidden_group_fields\" value=\"[]\" \/>\n<input type=\"hidden\" name=\"_wpcf7cf_hidden_groups\" value=\"[]\" \/>\n<input type=\"hidden\" name=\"_wpcf7cf_visible_groups\" value=\"[]\" \/>\n<input type=\"hidden\" name=\"_wpcf7cf_repeaters\" value=\"[]\" \/>\n<input type=\"hidden\" name=\"_wpcf7cf_steps\" value=\"{}\" \/>\n<input type=\"hidden\" name=\"_wpcf7cf_options\" value=\"{&quot;form_id&quot;:5,&quot;conditions&quot;:[],&quot;settings&quot;:{&quot;animation&quot;:&quot;yes&quot;,&quot;animation_intime&quot;:200,&quot;animation_outtime&quot;:200,&quot;conditions_ui&quot;:&quot;normal&quot;,&quot;notice_dismissed&quot;:false,&quot;notice_dismissed_update-cf7-6.0.1&quot;:true}}\" \/>\n<\/div>\n<p><label> Ime<br \/>\n<span class=\"wpcf7-form-control-wrap\" data-name=\"your-name\"><input size=\"40\" class=\"wpcf7-form-control wpcf7-text wpcf7-validates-as-required\" aria-required=\"true\" aria-invalid=\"false\" value=\"\" type=\"text\" name=\"your-name\" \/><\/span> <\/label>\n<\/p>\n<p><label> E-mail<br \/>\n<span class=\"wpcf7-form-control-wrap\" data-name=\"your-email\"><input size=\"40\" class=\"wpcf7-form-control wpcf7-text wpcf7-email wpcf7-validates-as-required wpcf7-validates-as-email\" aria-required=\"true\" aria-invalid=\"false\" value=\"\" type=\"email\" name=\"your-email\" \/><\/span> <\/label>\n<\/p>\n<p><label> Sporo\u010dilo<br \/>\n<span class=\"wpcf7-form-control-wrap\" data-name=\"your-message\"><textarea cols=\"40\" rows=\"10\" class=\"wpcf7-form-control wpcf7-textarea\" aria-invalid=\"false\" name=\"your-message\"><\/textarea><\/span> <\/label>\n<\/p>\n<p><span id=\"wpcf7-69e9eeeae215e-wrapper\" class=\"wpcf7-form-control-wrap honeypot-114-wrap\" style=\"display:none !important; visibility:hidden !important;\"><label for=\"4324324234\" class=\"hp-message\">Please leave this field empty.<\/label><input id=\"4324324234\"  class=\"wpcf7-form-control wpcf7-text\" type=\"text\" name=\"honeypot-114\" value=\"\" size=\"40\" tabindex=\"-1\" autocomplete=\"new-password\" \/><\/span><br \/>\n<span class=\"wpcf7-form-control-wrap\" data-name=\"gdpr\"><span class=\"wpcf7-form-control wpcf7-acceptance optional\"><span class=\"wpcf7-list-item\"><label><input type=\"checkbox\" name=\"gdpr\" value=\"1\" aria-invalid=\"false\" \/><span class=\"wpcf7-list-item-label\">Strinjam se, da to spletno mesto hrani moje osebne podatke v skladu s Politiko zasebnosti, da bodo lahko odgovorili na moje sporo\u010dilo.<\/span><\/label><\/span><\/span><\/span><br \/>\n<input class=\"wpcf7-form-control has-spinner wpcf7-submit\" type=\"submit\" value=\"Po\u0161lji\" \/>\n<\/p><div class=\"wpcf7-response-output\" aria-hidden=\"true\"><\/div>\n<\/form>\n<\/div>\n<\/div>\n\n\n\n<p><\/p>\n\n\n\n<p>Or email me at info@niveslubej.art<\/p>\n\n\n\n<p><strong>Atelje Beluna, artistic creation, Nives U.Lubej s.p.<\/strong><\/p>\n\n\n\n<p><\/p>\n<\/div><\/div>\n<\/div><\/div>\n<\/div><\/div><\/div>\n","protected":false},"excerpt":{"rendered":"","protected":false},"author":1,"featured_media":1540,"parent":0,"menu_order":0,"comment_status":"closed","ping_status":"closed","template":"","meta":{"inline_featured_image":false,"_genesis_hide_title":false,"_genesis_hide_breadcrumbs":false,"_genesis_hide_singular_image":false,"_genesis_hide_footer_widgets":false,"_genesis_custom_body_class":"","_genesis_custom_post_class":"","_genesis_layout":""},"acf":[],"yoast_head":"<!-- This site is optimized with the Yoast SEO plugin v20.7 - https:\/\/yoast.com\/wordpress\/plugins\/seo\/ -->\n<title>Contact - Nives U. Lubej - slike<\/title>\n<meta name=\"description\" content=\"S personaliziranimi zdravilnimi, energijskimi slikami pomagam, da se stranke po\u010dutijo polne ljubezni in se pove\u017eejo z globino sebe.\" \/>\n<meta name=\"robots\" content=\"index, follow, max-snippet:-1, max-image-preview:large, max-video-preview:-1\" \/>\n<link rel=\"canonical\" href=\"https:\/\/www.niveslubej.art\/en\/contact\/\" \/>\n<meta property=\"og:locale\" content=\"en_US\" \/>\n<meta property=\"og:type\" content=\"article\" \/>\n<meta property=\"og:title\" content=\"Contact - Nives U. Lubej - slike\" \/>\n<meta property=\"og:description\" content=\"S personaliziranimi zdravilnimi, energijskimi slikami pomagam, da se stranke po\u010dutijo polne ljubezni in se pove\u017eejo z globino sebe.\" \/>\n<meta property=\"og:url\" content=\"https:\/\/www.niveslubej.art\/en\/contact\/\" \/>\n<meta property=\"og:site_name\" content=\"Nives U. Lubej - slike\" \/>\n<meta property=\"article:modified_time\" content=\"2025-09-17T08:12:55+00:00\" \/>\n<meta property=\"og:image\" content=\"https:\/\/www.niveslubej.art\/wp-content\/uploads\/2022\/02\/nives-uljan-fb.jpg\" \/>\n\t<meta property=\"og:image:width\" content=\"1200\" \/>\n\t<meta property=\"og:image:height\" content=\"628\" \/>\n\t<meta property=\"og:image:type\" content=\"image\/jpeg\" \/>\n<meta name=\"twitter:card\" content=\"summary_large_image\" \/>\n<script type=\"application\/ld+json\" class=\"yoast-schema-graph\">{\"@context\":\"https:\/\/schema.org\",\"@graph\":[{\"@type\":\"WebPage\",\"@id\":\"https:\/\/www.niveslubej.art\/en\/contact\/\",\"url\":\"https:\/\/www.niveslubej.art\/en\/contact\/\",\"name\":\"Contact - Nives U. Lubej - slike\",\"isPartOf\":{\"@id\":\"https:\/\/www.niveslubej.art\/en\/#website\"},\"datePublished\":\"2022-02-03T08:56:52+00:00\",\"dateModified\":\"2025-09-17T08:12:55+00:00\",\"description\":\"S personaliziranimi zdravilnimi, energijskimi slikami pomagam, da se stranke po\u010dutijo polne ljubezni in se pove\u017eejo z globino sebe.\",\"breadcrumb\":{\"@id\":\"https:\/\/www.niveslubej.art\/en\/contact\/#breadcrumb\"},\"inLanguage\":\"en-US\",\"potentialAction\":[{\"@type\":\"ReadAction\",\"target\":[\"https:\/\/www.niveslubej.art\/en\/contact\/\"]}]},{\"@type\":\"BreadcrumbList\",\"@id\":\"https:\/\/www.niveslubej.art\/en\/contact\/#breadcrumb\",\"itemListElement\":[{\"@type\":\"ListItem\",\"position\":1,\"name\":\"Domov\",\"item\":\"https:\/\/www.niveslubej.art\/en\/\"},{\"@type\":\"ListItem\",\"position\":2,\"name\":\"Contact\"}]},{\"@type\":\"WebSite\",\"@id\":\"https:\/\/www.niveslubej.art\/en\/#website\",\"url\":\"https:\/\/www.niveslubej.art\/en\/\",\"name\":\"Nives U. Lubej - slike\",\"description\":\"Slike prina\u0161ajo pozitivno energijo v vsak prostor, da va\u0161e \u017eivljenje postane \u0161e lep\u0161e\",\"publisher\":{\"@id\":\"https:\/\/www.niveslubej.art\/en\/#organization\"},\"potentialAction\":[{\"@type\":\"SearchAction\",\"target\":{\"@type\":\"EntryPoint\",\"urlTemplate\":\"https:\/\/www.niveslubej.art\/en\/?s={search_term_string}\"},\"query-input\":\"required name=search_term_string\"}],\"inLanguage\":\"en-US\"},{\"@type\":\"Organization\",\"@id\":\"https:\/\/www.niveslubej.art\/en\/#organization\",\"name\":\"Nives Uljan - personalizirane, zdravilne, energijske slike\",\"url\":\"https:\/\/www.niveslubej.art\/en\/\",\"logo\":{\"@type\":\"ImageObject\",\"inLanguage\":\"en-US\",\"@id\":\"https:\/\/www.niveslubej.art\/en\/#\/schema\/logo\/image\/\",\"url\":\"https:\/\/www.niveslubej.art\/wp-content\/uploads\/2022\/02\/nives-uljan-osnovna-blue.svg\",\"contentUrl\":\"https:\/\/www.niveslubej.art\/wp-content\/uploads\/2022\/02\/nives-uljan-osnovna-blue.svg\",\"width\":\"1024\",\"height\":\"1024\",\"caption\":\"Nives Uljan - personalizirane, zdravilne, energijske slike\"},\"image\":{\"@id\":\"https:\/\/www.niveslubej.art\/en\/#\/schema\/logo\/image\/\"}}]}<\/script>\n<!-- \/ Yoast SEO plugin. -->","yoast_head_json":{"title":"Contact - Nives U. Lubej - slike","description":"S personaliziranimi zdravilnimi, energijskimi slikami pomagam, da se stranke po\u010dutijo polne ljubezni in se pove\u017eejo z globino sebe.","robots":{"index":"index","follow":"follow","max-snippet":"max-snippet:-1","max-image-preview":"max-image-preview:large","max-video-preview":"max-video-preview:-1"},"canonical":"https:\/\/www.niveslubej.art\/en\/contact\/","og_locale":"en_US","og_type":"article","og_title":"Contact - Nives U. Lubej - slike","og_description":"S personaliziranimi zdravilnimi, energijskimi slikami pomagam, da se stranke po\u010dutijo polne ljubezni in se pove\u017eejo z globino sebe.","og_url":"https:\/\/www.niveslubej.art\/en\/contact\/","og_site_name":"Nives U. Lubej - slike","article_modified_time":"2025-09-17T08:12:55+00:00","og_image":[{"width":1200,"height":628,"url":"https:\/\/www.niveslubej.art\/wp-content\/uploads\/2022\/02\/nives-uljan-fb.jpg","type":"image\/jpeg"}],"twitter_card":"summary_large_image","schema":{"@context":"https:\/\/schema.org","@graph":[{"@type":"WebPage","@id":"https:\/\/www.niveslubej.art\/en\/contact\/","url":"https:\/\/www.niveslubej.art\/en\/contact\/","name":"Contact - Nives U. Lubej - slike","isPartOf":{"@id":"https:\/\/www.niveslubej.art\/en\/#website"},"datePublished":"2022-02-03T08:56:52+00:00","dateModified":"2025-09-17T08:12:55+00:00","description":"S personaliziranimi zdravilnimi, energijskimi slikami pomagam, da se stranke po\u010dutijo polne ljubezni in se pove\u017eejo z globino sebe.","breadcrumb":{"@id":"https:\/\/www.niveslubej.art\/en\/contact\/#breadcrumb"},"inLanguage":"en-US","potentialAction":[{"@type":"ReadAction","target":["https:\/\/www.niveslubej.art\/en\/contact\/"]}]},{"@type":"BreadcrumbList","@id":"https:\/\/www.niveslubej.art\/en\/contact\/#breadcrumb","itemListElement":[{"@type":"ListItem","position":1,"name":"Domov","item":"https:\/\/www.niveslubej.art\/en\/"},{"@type":"ListItem","position":2,"name":"Contact"}]},{"@type":"WebSite","@id":"https:\/\/www.niveslubej.art\/en\/#website","url":"https:\/\/www.niveslubej.art\/en\/","name":"Nives U. Lubej - slike","description":"Slike prina\u0161ajo pozitivno energijo v vsak prostor, da va\u0161e \u017eivljenje postane \u0161e lep\u0161e","publisher":{"@id":"https:\/\/www.niveslubej.art\/en\/#organization"},"potentialAction":[{"@type":"SearchAction","target":{"@type":"EntryPoint","urlTemplate":"https:\/\/www.niveslubej.art\/en\/?s={search_term_string}"},"query-input":"required name=search_term_string"}],"inLanguage":"en-US"},{"@type":"Organization","@id":"https:\/\/www.niveslubej.art\/en\/#organization","name":"Nives Uljan - personalizirane, zdravilne, energijske slike","url":"https:\/\/www.niveslubej.art\/en\/","logo":{"@type":"ImageObject","inLanguage":"en-US","@id":"https:\/\/www.niveslubej.art\/en\/#\/schema\/logo\/image\/","url":"https:\/\/www.niveslubej.art\/wp-content\/uploads\/2022\/02\/nives-uljan-osnovna-blue.svg","contentUrl":"https:\/\/www.niveslubej.art\/wp-content\/uploads\/2022\/02\/nives-uljan-osnovna-blue.svg","width":"1024","height":"1024","caption":"Nives Uljan - personalizirane, zdravilne, energijske slike"},"image":{"@id":"https:\/\/www.niveslubej.art\/en\/#\/schema\/logo\/image\/"}}]}},"featured_image_src":"https:\/\/www.niveslubej.art\/wp-content\/uploads\/2022\/02\/nives-uljan-fb-600x400.jpg","featured_image_src_square":"https:\/\/www.niveslubej.art\/wp-content\/uploads\/2022\/02\/nives-uljan-fb-600x600.jpg","_links":{"self":[{"href":"https:\/\/www.niveslubej.art\/en\/wp-json\/wp\/v2\/pages\/1878"}],"collection":[{"href":"https:\/\/www.niveslubej.art\/en\/wp-json\/wp\/v2\/pages"}],"about":[{"href":"https:\/\/www.niveslubej.art\/en\/wp-json\/wp\/v2\/types\/page"}],"author":[{"embeddable":true,"href":"https:\/\/www.niveslubej.art\/en\/wp-json\/wp\/v2\/users\/1"}],"replies":[{"embeddable":true,"href":"https:\/\/www.niveslubej.art\/en\/wp-json\/wp\/v2\/comments?post=1878"}],"version-history":[{"count":1,"href":"https:\/\/www.niveslubej.art\/en\/wp-json\/wp\/v2\/pages\/1878\/revisions"}],"predecessor-version":[{"id":1880,"href":"https:\/\/www.niveslubej.art\/en\/wp-json\/wp\/v2\/pages\/1878\/revisions\/1880"}],"wp:featuredmedia":[{"embeddable":true,"href":"https:\/\/www.niveslubej.art\/en\/wp-json\/wp\/v2\/media\/1540"}],"wp:attachment":[{"href":"https:\/\/www.niveslubej.art\/en\/wp-json\/wp\/v2\/media?parent=1878"}],"curies":[{"name":"wp","href":"https:\/\/api.w.org\/{rel}","templated":true}]}}